{"id":20828,"date":"2026-02-17T15:25:38","date_gmt":"2026-02-17T14:25:38","guid":{"rendered":"https:\/\/make-more.eu\/?page_id=20828"},"modified":"2026-02-17T15:25:39","modified_gmt":"2026-02-17T14:25:39","slug":"terms-of-use","status":"publish","type":"page","link":"https:\/\/make-more.eu\/pt-pt\/terms-of-use\/","title":{"rendered":"Termos de uso"},"content":{"rendered":"<section id=\"txt-header\">\n\t<div class=\"container block-text-header\">\n\t\t<h3><\/h3>\n\t\t<h2>Termos e Condi\u00e7\u00f5es de Uso<\/h2>\n\t\t<p><p><span data-contrast=\"auto\">Obrigado por visitar este site. Este site, incluindo todas as p\u00e1ginas em idiomas locais espec\u00edficos de cada pa\u00eds e todas as outras p\u00e1ginas, \u00e9 propriedade da FUJIFILM Europe e \u00e9 mantido e disponibilizado ao p\u00fablico exclusivamente pela FUJIFILM com o objetivo de oferecer aos interessados na FUJIFILM Corporation na Europa e nos produtos e servi\u00e7os da FUJIFILM uma maneira pr\u00e1tica de encontrar informa\u00e7\u00f5es relevantes, como os \u00faltimos comunicados de imprensa, informa\u00e7\u00f5es financeiras, linha de produtos, informa\u00e7\u00f5es de contato locais e sites pertencentes \u00e0s subsidi\u00e1rias da FUJIFILM ou aos seus distribuidores.<\/span><span data-ccp-props=\"{&quot;201341983&quot;:0,&quot;335551550&quot;:6,&quot;335551620&quot;:6,&quot;335559739&quot;:120,&quot;335559740&quot;:240}\">\u00a0<\/span><\/p>\n<p><span data-contrast=\"auto\">O seu acesso, navega\u00e7\u00e3o e utiliza\u00e7\u00e3o deste Website regem-se pelos seguintes Termos e Condi\u00e7\u00f5es e por quaisquer outros termos, condi\u00e7\u00f5es ou diretrizes estabelecidos noutras partes deste Website, bem como por todas as leis, normas e regulamentos aplic\u00e1veis, incluindo, entre outros, as leis relativas a marcas registadas, direitos de autor, direitos de privacidade e difama\u00e7\u00e3o.<\/span><span data-ccp-props=\"{&quot;201341983&quot;:0,&quot;335551550&quot;:6,&quot;335551620&quot;:6,&quot;335559739&quot;:120,&quot;335559740&quot;:240}\">\u00a0<\/span><\/p>\n<p><span data-contrast=\"auto\">Portanto, a FUJIFILM solicita que voc\u00ea leia atentamente os Termos e Condi\u00e7\u00f5es.<\/span><span data-ccp-props=\"{&quot;201341983&quot;:0,&quot;335551550&quot;:6,&quot;335551620&quot;:6,&quot;335559739&quot;:120,&quot;335559740&quot;:240}\">\u00a0<\/span><\/p>\n<\/p>\n\t<\/div>\n<\/section>\n\n<section id=\"txt-header\">\n\t<div class=\"container block-text-header\">\n\t\t<h3>1. Utiliza\u00e7\u00e3o deste site <\/h3>\n\t\t<h2><\/h2>\n\t\t<p><p><span data-contrast=\"auto\">Estes Termos e Condi\u00e7\u00f5es aplicam-se a este Website e a quaisquer outros websites que contenham um link para estes Termos e Condi\u00e7\u00f5es. Poder\u00e1 encontrar termos e condi\u00e7\u00f5es adicionais relativos a p\u00e1ginas espec\u00edficas deste Website. A sua utiliza\u00e7\u00e3o dessas p\u00e1ginas dentro deste Website rege-se pelos termos e condi\u00e7\u00f5es dessas p\u00e1ginas. Em caso de conflito entre os Termos e Condi\u00e7\u00f5es aqui apresentados e os termos e condi\u00e7\u00f5es adicionais apresentados noutras partes deste Website, prevalecer\u00e3o os termos e condi\u00e7\u00f5es adicionais.<\/span><span data-ccp-props=\"{&quot;201341983&quot;:0,&quot;335551550&quot;:6,&quot;335551620&quot;:6,&quot;335559739&quot;:120,&quot;335559740&quot;:240}\">\u00a0<\/span><\/p>\n<p><span data-contrast=\"auto\">Sujeito a estes Termos e Condi\u00e7\u00f5es, a FUJIFILM concede a voc\u00ea, sob seus direitos de propriedade intelectual, um direito n\u00e3o exclusivo, mundial e intransfer\u00edvel de usar este Site e o Conte\u00fado nele inclu\u00eddo apenas para uso pessoal e n\u00e3o comercial, sujeito \u00e0s restri\u00e7\u00f5es e obriga\u00e7\u00f5es estabelecidas nestes Termos e Condi\u00e7\u00f5es. N\u00e3o s\u00e3o concedidos outros direitos.<\/span><span data-ccp-props=\"{&quot;201341983&quot;:0,&quot;335551550&quot;:6,&quot;335551620&quot;:6,&quot;335559739&quot;:120,&quot;335559740&quot;:240}\">\u00a0<\/span><\/p>\n<\/p>\n\t<\/div>\n<\/section>\n\n<section id=\"txt-header\">\n\t<div class=\"container block-text-header\">\n\t\t<h3>2. Direitos de Propriedade Intelectual <\/h3>\n\t\t<h2><\/h2>\n\t\t<p><p><span class=\"TextRun SCXW205518629 BCX0\" lang=\"EN-US\" xml:lang=\"EN-US\" data-contrast=\"auto\"><span class=\"NormalTextRun SCXW205518629 BCX0\">Salvo indica\u00e7\u00e3o em contr\u00e1rio, todo o texto, programas de software dispon\u00edveis neste Website ou atrav\u00e9s dele, e outros conte\u00fados inclu\u00eddos neste Website (&quot;Conte\u00fado&quot;), incluindo marcas comerciais (registadas e n\u00e3o registadas), gr\u00e1ficos, fotografias, imagens, log\u00f3tipos e marcas de servi\u00e7o (coletivamente, as &quot;Marcas&quot;) e a sele\u00e7\u00e3o, organiza\u00e7\u00e3o e &quot;apar\u00eancia&quot; das Marcas e outros Conte\u00fados s\u00e3o propriedade de [Nome da Empresa]. <\/span><span class=\"NormalTextRun SCXW205518629 BCX0\">FUJIFILM<\/span><span class=\"NormalTextRun SCXW205518629 BCX0\"> ou propriedade de terceiros que concederam <\/span><span class=\"NormalTextRun SCXW205518629 BCX0\">FUJIFILM<\/span><span class=\"NormalTextRun SCXW205518629 BCX0\"> \u00c9 permitida a utiliza\u00e7\u00e3o deste Conte\u00fado neste Website. Todo o Conte\u00fado est\u00e1 protegido por leis internacionais de direitos autorais e marcas registradas.<\/span><\/span><span class=\"EOP SCXW205518629 BCX0\" data-ccp-props=\"{&quot;201341983&quot;:0,&quot;335551550&quot;:6,&quot;335551620&quot;:6,&quot;335559739&quot;:120,&quot;335559740&quot;:240}\">\u00a0<\/span><\/p>\n<\/p>\n\t<\/div>\n<\/section>\n\n<section id=\"txt-header\">\n\t<div class=\"container block-text-header\">\n\t\t<h3>3. Restri\u00e7\u00f5es de uso do conte\u00fado deste site <\/h3>\n\t\t<h2><\/h2>\n\t\t<p><p><span class=\"TextRun SCXW249219407 BCX0\" lang=\"EN-US\" xml:lang=\"EN-US\" data-contrast=\"auto\"><span class=\"NormalTextRun SCXW249219407 BCX0\">Exceto quando expressamente permitido pela legisla\u00e7\u00e3o aplic\u00e1vel ou conforme permitido neste documento ou em qualquer outra parte deste site, ou mediante autoriza\u00e7\u00e3o pr\u00e9via por escrito de <\/span><span class=\"NormalTextRun SCXW249219407 BCX0\">FUJIFILM<\/span><span class=\"NormalTextRun SCXW249219407 BCX0\">Voc\u00ea, ou qualquer terceiro que possua o poder, a autoridade, os t\u00edtulos ou o interesse necess\u00e1rios para conceder tal permiss\u00e3o legal, est\u00e1 proibido de modificar, copiar, baixar, distribuir, transmitir, exibir, publicar, vender, licenciar, criar trabalhos derivados ou usar de qualquer outra forma quaisquer Marcas ou outro Conte\u00fado dispon\u00edvel neste Site ou por meio dele para fins comerciais ou p\u00fablicos, incluindo, entre outros, o uso como meta tags em outras p\u00e1ginas ou sites da World Wide Web. Nada neste conte\u00fado implica em viola\u00e7\u00e3o de direitos autorais ou de propriedade intelectual. <\/span><span class=\"NormalTextRun SCXW249219407 BCX0\">esses<\/span><span class=\"NormalTextRun SCXW249219407 BCX0\"> Os Termos e Condi\u00e7\u00f5es n\u00e3o lhe conferem quaisquer direitos sobre as Marcas ou outros Conte\u00fados que n\u00e3o estejam especificamente mencionados neste documento.<\/span><\/span><span class=\"EOP SCXW249219407 BCX0\" data-ccp-props=\"{&quot;201341983&quot;:0,&quot;335551550&quot;:6,&quot;335551620&quot;:6,&quot;335559739&quot;:120,&quot;335559740&quot;:240}\">\u00a0<\/span><\/p>\n<\/p>\n\t<\/div>\n<\/section>\n\n<section id=\"txt-header\">\n\t<div class=\"container block-text-header\">\n\t\t<h3>4. Conte\u00fado de terceiros<\/h3>\n\t\t<h2><\/h2>\n\t\t<p><p><span class=\"TextRun SCXW29437703 BCX0\" lang=\"EN-US\" xml:lang=\"EN-US\" data-contrast=\"auto\"><span class=\"NormalTextRun SCXW29437703 BCX0\">Este site pode conter links para sites e conte\u00fado de terceiros (&quot;Conte\u00fado de Terceiros&quot;) como um servi\u00e7o oferecido a voc\u00ea. Qualquer Conte\u00fado de Terceiros ou sites de terceiros acess\u00edveis por meio dos links contidos neste site s\u00e3o informa\u00e7\u00f5es externas. <\/span><span class=\"NormalTextRun SCXW29437703 BCX0\">FUJIFILM<\/span><span class=\"NormalTextRun SCXW29437703 BCX0\"> N\u00e3o monitoriza, revisa ou atualiza, nem tem qualquer controlo sobre, qualquer Conte\u00fado de Terceiros ou websites de terceiros. Salvo indica\u00e7\u00e3o expressa em contr\u00e1rio, <\/span><span class=\"NormalTextRun SCXW29437703 BCX0\">FUJIFILM<\/span><span class=\"NormalTextRun SCXW29437703 BCX0\"> n\u00e3o endossa nem adota qualquer Conte\u00fado de Terceiros, e <\/span><span class=\"NormalTextRun SCXW29437703 BCX0\">FUJIFILM<\/span><span class=\"NormalTextRun SCXW29437703 BCX0\"> N\u00e3o fazemos qualquer declara\u00e7\u00e3o, garantia ou aval quanto \u00e0 precis\u00e3o, integridade, atualidade ou confiabilidade de qualquer Conte\u00fado de Terceiros. Se voc\u00ea usar esses links e o Conte\u00fado de Terceiros, o far\u00e1 inteiramente por sua conta e risco. Al\u00e9m disso, a refer\u00eancia a quaisquer produtos, servi\u00e7os, processos ou outras informa\u00e7\u00f5es por nome comercial, marca registrada, fabricante, fornecedor ou de outra forma n\u00e3o constitui ou implica qualquer endosso, patroc\u00ednio ou recomenda\u00e7\u00e3o por parte da empresa. <\/span><span class=\"NormalTextRun SCXW29437703 BCX0\">FUJIFILM<\/span><span class=\"NormalTextRun SCXW29437703 BCX0\">.<\/span><\/span><span class=\"EOP SCXW29437703 BCX0\" data-ccp-props=\"{&quot;201341983&quot;:0,&quot;335551550&quot;:6,&quot;335551620&quot;:6,&quot;335559739&quot;:120,&quot;335559740&quot;:240}\">\u00a0<\/span><\/p>\n<\/p>\n\t<\/div>\n<\/section>\n\n<section id=\"txt-header\">\n\t<div class=\"container block-text-header\">\n\t\t<h3>5. Atualiza\u00e7\u00f5es e Revis\u00f5es<\/h3>\n\t\t<h2><\/h2>\n\t\t<p><p><span class=\"TextRun SCXW41304652 BCX0\" lang=\"EN-US\" xml:lang=\"EN-US\" data-contrast=\"auto\"><span class=\"NormalTextRun SCXW41304652 BCX0\">O conte\u00fado deste site \u00e9 fornecido por <\/span><span class=\"NormalTextRun SCXW41304652 BCX0\">FUJIFILM<\/span><span class=\"NormalTextRun SCXW41304652 BCX0\"> Para sua conveni\u00eancia, e sujeito a altera\u00e7\u00f5es sem aviso pr\u00e9vio. <\/span><span class=\"NormalTextRun SCXW41304652 BCX0\">FUJIFILM<\/span><span class=\"NormalTextRun SCXW41304652 BCX0\"> poder\u00e1, a qualquer momento e periodicamente, revisar e atualizar os Termos.<\/span><span class=\"NormalTextRun SCXW41304652 BCX0\"> Termos e Condi\u00e7\u00f5es e Conte\u00fado. <\/span><span class=\"NormalTextRun SCXW41304652 BCX0\">Recomendamos que visite esta p\u00e1gina periodicamente para rever e familiarizar-se com todos os termos e condi\u00e7\u00f5es vigentes, bem como para consultar este Website de forma geral e verificar se existem atualiza\u00e7\u00f5es ou revis\u00f5es.<\/span><\/span><span class=\"EOP SCXW41304652 BCX0\" data-ccp-props=\"{&quot;201341983&quot;:0,&quot;335551550&quot;:6,&quot;335551620&quot;:6,&quot;335559739&quot;:120,&quot;335559740&quot;:240}\">\u00a0<\/span><\/p>\n<\/p>\n\t<\/div>\n<\/section>\n\n<section id=\"txt-header\">\n\t<div class=\"container block-text-header\">\n\t\t<h3>6. Sem garantias<\/h3>\n\t\t<h2><\/h2>\n\t\t<p><p><span class=\"TextRun SCXW233883867 BCX0\" lang=\"EN-US\" xml:lang=\"EN-US\" data-contrast=\"auto\"><span class=\"NormalTextRun SCXW233883867 BCX0\">Este site, seu conte\u00fado e seus servi\u00e7os s\u00e3o fornecidos &quot;no estado em que se encontram&quot;, sem garantia de qualquer tipo, expressa ou impl\u00edcita. <\/span><span class=\"NormalTextRun SCXW233883867 BCX0\">FUJIFILM<\/span><span class=\"NormalTextRun SCXW233883867 BCX0\"> Isenta-se de todas as garantias, incluindo, entre outras, as garantias impl\u00edcitas de comercializa\u00e7\u00e3o e adequa\u00e7\u00e3o a um prop\u00f3sito espec\u00edfico. <\/span><span class=\"NormalTextRun SCXW233883867 BCX0\">prop\u00f3sito espec\u00edfico, <\/span><span class=\"NormalTextRun SCXW233883867 BCX0\">conte\u00fado informativo, integra\u00e7\u00e3o de sistemas ou precis\u00e3o.<\/span><\/span><span class=\"EOP SCXW233883867 BCX0\" data-ccp-props=\"{&quot;201341983&quot;:0,&quot;335551550&quot;:6,&quot;335551620&quot;:6,&quot;335559739&quot;:120,&quot;335559740&quot;:240}\">\u00a0<\/span><\/p>\n<\/p>\n\t<\/div>\n<\/section>\n\n<section id=\"txt-header\">\n\t<div class=\"container block-text-header\">\n\t\t<h3>7. Contato <\/h3>\n\t\t<h2><\/h2>\n\t\t<p><p><span class=\"TextRun SCXW190873264 BCX0\" lang=\"EN-US\" xml:lang=\"EN-US\" data-contrast=\"auto\"><span class=\"NormalTextRun SCXW190873264 BCX0\">Encontre os nossos dados de contacto na sec\u00e7\u00e3o &quot;Informa\u00e7\u00f5es legais&quot; do website.<\/span><span class=\"NormalTextRun SCXW190873264 BCX0\">.<\/span><\/span><span class=\"EOP SCXW190873264 BCX0\" data-ccp-props=\"{&quot;201341983&quot;:0,&quot;335551550&quot;:6,&quot;335551620&quot;:6,&quot;335559739&quot;:120,&quot;335559740&quot;:240}\">\u00a0<\/span><\/p>\n<\/p>\n\t<\/div>\n<\/section>","protected":false},"excerpt":{"rendered":"","protected":false},"author":1,"featured_media":0,"parent":0,"menu_order":0,"comment_status":"closed","ping_status":"closed","template":"","meta":{"inline_featured_image":false,"footnotes":""},"class_list":["post-20828","page","type-page","status-publish","hentry"],"acf":[],"yoast_head":"<!-- This site is optimized with the Yoast SEO plugin v22.0 - https:\/\/yoast.com\/wordpress\/plugins\/seo\/ -->\n<title>Terms of Use - Fujifilm Print EMEA<\/title>\n<meta name=\"robots\" content=\"index, follow, max-snippet:-1, max-image-preview:large, max-video-preview:-1\" \/>\n<link rel=\"canonical\" href=\"https:\/\/make-more.eu\/pt-pt\/terms-of-use\/\" \/>\n<meta property=\"og:locale\" content=\"pt_PT\" \/>\n<meta property=\"og:type\" content=\"article\" \/>\n<meta property=\"og:title\" content=\"Terms of Use - Fujifilm Print EMEA\" \/>\n<meta property=\"og:url\" content=\"https:\/\/make-more.eu\/pt-pt\/terms-of-use\/\" \/>\n<meta property=\"og:site_name\" content=\"Fujifilm Print EMEA\" \/>\n<meta property=\"article:modified_time\" content=\"2026-02-17T14:25:39+00:00\" \/>\n<meta name=\"twitter:card\" content=\"summary_large_image\" \/>\n<script type=\"application\/ld+json\" class=\"yoast-schema-graph\">{\"@context\":\"https:\/\/schema.org\",\"@graph\":[{\"@type\":\"WebPage\",\"@id\":\"https:\/\/make-more.eu\/terms-of-use\/\",\"url\":\"https:\/\/make-more.eu\/terms-of-use\/\",\"name\":\"Terms of Use - Fujifilm Print EMEA\",\"isPartOf\":{\"@id\":\"https:\/\/make-more.eu\/#website\"},\"datePublished\":\"2026-02-17T14:25:38+00:00\",\"dateModified\":\"2026-02-17T14:25:39+00:00\",\"breadcrumb\":{\"@id\":\"https:\/\/make-more.eu\/terms-of-use\/#breadcrumb\"},\"inLanguage\":\"pt-PT\",\"potentialAction\":[{\"@type\":\"ReadAction\",\"target\":[\"https:\/\/make-more.eu\/terms-of-use\/\"]}]},{\"@type\":\"BreadcrumbList\",\"@id\":\"https:\/\/make-more.eu\/terms-of-use\/#breadcrumb\",\"itemListElement\":[{\"@type\":\"ListItem\",\"position\":1,\"name\":\"Home\",\"item\":\"https:\/\/make-more.eu\/\"},{\"@type\":\"ListItem\",\"position\":2,\"name\":\"Terms of Use\"}]},{\"@type\":\"WebSite\",\"@id\":\"https:\/\/make-more.eu\/#website\",\"url\":\"https:\/\/make-more.eu\/\",\"name\":\"Fujifilm Print EMEA\",\"description\":\"\",\"publisher\":{\"@id\":\"https:\/\/make-more.eu\/#organization\"},\"potentialAction\":[{\"@type\":\"SearchAction\",\"target\":{\"@type\":\"EntryPoint\",\"urlTemplate\":\"https:\/\/make-more.eu\/?s={search_term_string}\"},\"query-input\":\"required name=search_term_string\"}],\"inLanguage\":\"pt-PT\"},{\"@type\":\"Organization\",\"@id\":\"https:\/\/make-more.eu\/#organization\",\"name\":\"Fujifilm Print EMEA\",\"url\":\"https:\/\/make-more.eu\/\",\"logo\":{\"@type\":\"ImageObject\",\"inLanguage\":\"pt-PT\",\"@id\":\"https:\/\/make-more.eu\/#\/schema\/logo\/image\/\",\"url\":\"https:\/\/make-more.eu\/wp-content\/uploads\/2025\/06\/fujifilm-1.png\",\"contentUrl\":\"https:\/\/make-more.eu\/wp-content\/uploads\/2025\/06\/fujifilm-1.png\",\"width\":416,\"height\":70,\"caption\":\"Fujifilm Print EMEA\"},\"image\":{\"@id\":\"https:\/\/make-more.eu\/#\/schema\/logo\/image\/\"}}]}<\/script>\n<!-- \/ Yoast SEO plugin. -->","yoast_head_json":{"title":"Terms of Use - Fujifilm Print EMEA","robots":{"index":"index","follow":"follow","max-snippet":"max-snippet:-1","max-image-preview":"max-image-preview:large","max-video-preview":"max-video-preview:-1"},"canonical":"https:\/\/make-more.eu\/pt-pt\/terms-of-use\/","og_locale":"pt_PT","og_type":"article","og_title":"Terms of Use - Fujifilm Print EMEA","og_url":"https:\/\/make-more.eu\/pt-pt\/terms-of-use\/","og_site_name":"Fujifilm Print EMEA","article_modified_time":"2026-02-17T14:25:39+00:00","twitter_card":"summary_large_image","schema":{"@context":"https:\/\/schema.org","@graph":[{"@type":"WebPage","@id":"https:\/\/make-more.eu\/terms-of-use\/","url":"https:\/\/make-more.eu\/terms-of-use\/","name":"Terms of Use - Fujifilm Print EMEA","isPartOf":{"@id":"https:\/\/make-more.eu\/#website"},"datePublished":"2026-02-17T14:25:38+00:00","dateModified":"2026-02-17T14:25:39+00:00","breadcrumb":{"@id":"https:\/\/make-more.eu\/terms-of-use\/#breadcrumb"},"inLanguage":"pt-PT","potentialAction":[{"@type":"ReadAction","target":["https:\/\/make-more.eu\/terms-of-use\/"]}]},{"@type":"BreadcrumbList","@id":"https:\/\/make-more.eu\/terms-of-use\/#breadcrumb","itemListElement":[{"@type":"ListItem","position":1,"name":"Home","item":"https:\/\/make-more.eu\/"},{"@type":"ListItem","position":2,"name":"Terms of Use"}]},{"@type":"WebSite","@id":"https:\/\/make-more.eu\/#website","url":"https:\/\/make-more.eu\/","name":"Fujifilm Print EMEA","description":"","publisher":{"@id":"https:\/\/make-more.eu\/#organization"},"potentialAction":[{"@type":"SearchAction","target":{"@type":"EntryPoint","urlTemplate":"https:\/\/make-more.eu\/?s={search_term_string}"},"query-input":"required name=search_term_string"}],"inLanguage":"pt-PT"},{"@type":"Organization","@id":"https:\/\/make-more.eu\/#organization","name":"Fujifilm Print EMEA","url":"https:\/\/make-more.eu\/","logo":{"@type":"ImageObject","inLanguage":"pt-PT","@id":"https:\/\/make-more.eu\/#\/schema\/logo\/image\/","url":"https:\/\/make-more.eu\/wp-content\/uploads\/2025\/06\/fujifilm-1.png","contentUrl":"https:\/\/make-more.eu\/wp-content\/uploads\/2025\/06\/fujifilm-1.png","width":416,"height":70,"caption":"Fujifilm Print EMEA"},"image":{"@id":"https:\/\/make-more.eu\/#\/schema\/logo\/image\/"}}]}},"_links":{"self":[{"href":"https:\/\/make-more.eu\/pt-pt\/wp-json\/wp\/v2\/pages\/20828","targetHints":{"allow":["GET"]}}],"collection":[{"href":"https:\/\/make-more.eu\/pt-pt\/wp-json\/wp\/v2\/pages"}],"about":[{"href":"https:\/\/make-more.eu\/pt-pt\/wp-json\/wp\/v2\/types\/page"}],"author":[{"embeddable":true,"href":"https:\/\/make-more.eu\/pt-pt\/wp-json\/wp\/v2\/users\/1"}],"replies":[{"embeddable":true,"href":"https:\/\/make-more.eu\/pt-pt\/wp-json\/wp\/v2\/comments?post=20828"}],"version-history":[{"count":1,"href":"https:\/\/make-more.eu\/pt-pt\/wp-json\/wp\/v2\/pages\/20828\/revisions"}],"predecessor-version":[{"id":20829,"href":"https:\/\/make-more.eu\/pt-pt\/wp-json\/wp\/v2\/pages\/20828\/revisions\/20829"}],"wp:attachment":[{"href":"https:\/\/make-more.eu\/pt-pt\/wp-json\/wp\/v2\/media?parent=20828"}],"curies":[{"name":"wp","href":"https:\/\/api.w.org\/{rel}","templated":true}]}}