{"id":20828,"date":"2026-02-17T15:25:38","date_gmt":"2026-02-17T14:25:38","guid":{"rendered":"https:\/\/make-more.eu\/?page_id=20828"},"modified":"2026-02-17T15:25:39","modified_gmt":"2026-02-17T14:25:39","slug":"terms-of-use","status":"publish","type":"page","link":"https:\/\/make-more.eu\/pl\/terms-of-use\/","title":{"rendered":"Warunki korzystania"},"content":{"rendered":"<section id=\"txt-header\">\n\t<div class=\"container block-text-header\">\n\t\t<h3><\/h3>\n\t\t<h2>Polityka prywatno\u015bci<\/h2>\n\t\t<p><p><span data-contrast=\"auto\">Dzi\u0119kujemy za odwiedzenie tej Strony Internetowej. Niniejsza Strona Internetowa, w tym wszystkie strony w j\u0119zykach lokalnych dla poszczeg\u00f3lnych kraj\u00f3w i wszystkie inne strony, jest w\u0142asno\u015bci\u0105 FUJIFILM Europe i jest utrzymywana i udost\u0119pniana publicznie wy\u0142\u0105cznie przez FUJIFILM w celu zapewnienia osobom zainteresowanym firm\u0105 FUJIFILM Corporation w Europie oraz produktami i us\u0142ugami FUJIFILM wygodnego sposobu wyszukiwania istotnych informacji, takich jak najnowsze komunikaty prasowe, informacje finansowe, oferta produkt\u00f3w, lokalne dane kontaktowe oraz strony internetowe nale\u017c\u0105ce do sp\u00f3\u0142ek zale\u017cnych FUJIFILM lub jej dystrybutor\u00f3w.<\/span><span data-ccp-props=\"{&quot;201341983&quot;:0,&quot;335551550&quot;:6,&quot;335551620&quot;:6,&quot;335559739&quot;:120,&quot;335559740&quot;:240}\">\u00a0<\/span><\/p>\n<p><span data-contrast=\"auto\">Dost\u0119p do tej Witryny internetowej, przegl\u0105danie jej i korzystanie z niej podlegaj\u0105 nast\u0119puj\u0105cym Warunkom i Postanowieniom oraz wszelkim innym warunkom, postanowieniom lub wytycznym okre\u015blonym w innych miejscach tej Witryny internetowej, a tak\u017ce wszystkim obowi\u0105zuj\u0105cym przepisom prawa, zasadom i regulacjom, w tym mi\u0119dzy innymi przepisom dotycz\u0105cym znak\u00f3w towarowych, praw autorskich, prawa do prywatno\u015bci i znies\u0142awienia.<\/span><span data-ccp-props=\"{&quot;201341983&quot;:0,&quot;335551550&quot;:6,&quot;335551620&quot;:6,&quot;335559739&quot;:120,&quot;335559740&quot;:240}\">\u00a0<\/span><\/p>\n<p><span data-contrast=\"auto\">W zwi\u0105zku z powy\u017cszym FUJIFILM prosi o dok\u0142adne zapoznanie si\u0119 z Regulaminem.<\/span><span data-ccp-props=\"{&quot;201341983&quot;:0,&quot;335551550&quot;:6,&quot;335551620&quot;:6,&quot;335559739&quot;:120,&quot;335559740&quot;:240}\">\u00a0<\/span><\/p>\n<\/p>\n\t<\/div>\n<\/section>\n\n<section id=\"txt-header\">\n\t<div class=\"container block-text-header\">\n\t\t<h3>1. Korzystanie z tej witryny internetowej <\/h3>\n\t\t<h2><\/h2>\n\t\t<p><p><span data-contrast=\"auto\">Niniejsze Warunki korzystania maj\u0105 zastosowanie do niniejszej Witryny internetowej oraz do wszelkich innych witryn internetowych, do kt\u00f3rych odsy\u0142aj\u0105 linki do Warunk\u00f3w korzystania. Dodatkowe warunki korzystania z Witryny internetowej mo\u017cna znale\u017a\u0107 na poszczeg\u00f3lnych stronach. Korzystanie z tych stron w ramach Witryny internetowej podlega warunkom tych stron. W przypadku jakichkolwiek sprzeczno\u015bci mi\u0119dzy Warunkami korzystania z Witryny internetowej a dodatkowymi warunkami korzystania z Witryny internetowej, pierwsze\u0144stwo maj\u0105 warunki dodatkowe.<\/span><span data-ccp-props=\"{&quot;201341983&quot;:0,&quot;335551550&quot;:6,&quot;335551620&quot;:6,&quot;335559739&quot;:120,&quot;335559740&quot;:240}\">\u00a0<\/span><\/p>\n<p><span data-contrast=\"auto\">Z zastrze\u017ceniem niniejszych Warunk\u00f3w, FUJIFILM niniejszym udziela U\u017cytkownikowi, na mocy praw w\u0142asno\u015bci intelektualnej FUJIFILM, niewy\u0142\u0105cznego, og\u00f3lno\u015bwiatowego i niezbywalnego prawa do korzystania z niniejszej Strony Internetowej i zawartych w niej Tre\u015bci wy\u0142\u0105cznie do osobistego, niekomercyjnego u\u017cytku, z zastrze\u017ceniem ogranicze\u0144 i obowi\u0105zk\u00f3w okre\u015blonych w niniejszych Warunkach. Prawa o szerszym zakresie nie s\u0105 udzielane.<\/span><span data-ccp-props=\"{&quot;201341983&quot;:0,&quot;335551550&quot;:6,&quot;335551620&quot;:6,&quot;335559739&quot;:120,&quot;335559740&quot;:240}\">\u00a0<\/span><\/p>\n<\/p>\n\t<\/div>\n<\/section>\n\n<section id=\"txt-header\">\n\t<div class=\"container block-text-header\">\n\t\t<h3>2. Prawa w\u0142asno\u015bci intelektualnej <\/h3>\n\t\t<h2><\/h2>\n\t\t<p><p><span class=\"TextRun SCXW205518629 BCX0\" lang=\"EN-US\" xml:lang=\"EN-US\" data-contrast=\"auto\"><span class=\"NormalTextRun SCXW205518629 BCX0\">O ile nie stwierdzono inaczej lub nie wskazano inaczej, ca\u0142y tekst, programy komputerowe dost\u0119pne na tej Stronie internetowej lub za jej po\u015brednictwem oraz inna tre\u015b\u0107 zawarta na tej Stronie internetowej (\u201eTre\u015b\u0107\u201d), w tym znaki towarowe (zarejestrowane i niezarejestrowane), grafiki, fotografie, obrazy, logo i znaki us\u0142ugowe (\u0142\u0105cznie zwane \u201eZnakami\u201d) oraz wyb\u00f3r, uk\u0142ad i \u201ewygl\u0105d\u201d Znak\u00f3w i innej Tre\u015bci s\u0105 w\u0142asno\u015bci\u0105 <\/span><span class=\"NormalTextRun SCXW205518629 BCX0\">FUJIFILM<\/span><span class=\"NormalTextRun SCXW205518629 BCX0\"> lub w\u0142asno\u015b\u0107 os\u00f3b trzecich, kt\u00f3re udzieli\u0142y <\/span><span class=\"NormalTextRun SCXW205518629 BCX0\">FUJIFILM<\/span><span class=\"NormalTextRun SCXW205518629 BCX0\"> zgod\u0119 na wykorzystanie takich Tre\u015bci na tej Stronie Internetowej. Ca\u0142a Tre\u015b\u0107 jest chroniona mi\u0119dzynarodowymi prawami autorskimi i prawami do znak\u00f3w towarowych.<\/span><\/span><span class=\"EOP SCXW205518629 BCX0\" data-ccp-props=\"{&quot;201341983&quot;:0,&quot;335551550&quot;:6,&quot;335551620&quot;:6,&quot;335559739&quot;:120,&quot;335559740&quot;:240}\">\u00a0<\/span><\/p>\n<\/p>\n\t<\/div>\n<\/section>\n\n<section id=\"txt-header\">\n\t<div class=\"container block-text-header\">\n\t\t<h3>3. Ograniczenia w korzystaniu z tre\u015bci zawartych w tej Witrynie <\/h3>\n\t\t<h2><\/h2>\n\t\t<p><p><span class=\"TextRun SCXW249219407 BCX0\" lang=\"EN-US\" xml:lang=\"EN-US\" data-contrast=\"auto\"><span class=\"NormalTextRun SCXW249219407 BCX0\">Z wyj\u0105tkiem przypadk\u00f3w wyra\u017anie dozwolonych na mocy obowi\u0105zuj\u0105cego prawa lub dozwolonych w niniejszym dokumencie lub w innym miejscu tej Witryny lub po uzyskaniu uprzedniej pisemnej zgody <\/span><span class=\"NormalTextRun SCXW249219407 BCX0\">FUJIFILM<\/span><span class=\"NormalTextRun SCXW249219407 BCX0\">, ani \u017cadnej osoby trzeciej posiadaj\u0105cej tak\u0105 w\u0142adz\u0119, uprawnienia, tytu\u0142y lub interesy, jakie s\u0105 niezb\u0119dne do udzielenia takiego prawnego pozwolenia, zabrania si\u0119 modyfikowania, kopiowania, pobierania, dystrybuowania, przesy\u0142ania, wy\u015bwietlania, publikowania, sprzedawania, licencjonowania, tworzenia dzie\u0142 pochodnych lub w inny spos\u00f3b wykorzystywania jakichkolwiek Znak\u00f3w lub innej Tre\u015bci dost\u0119pnych na tej Stronie internetowej lub za jej po\u015brednictwem w celach komercyjnych lub publicznych, w tym, mi\u0119dzy innymi, u\u017cywania jako meta tag\u00f3w na innych stronach lub stronach internetowych w sieci WWW. \u017badne z postanowie\u0144 <\/span><span class=\"NormalTextRun SCXW249219407 BCX0\">te<\/span><span class=\"NormalTextRun SCXW249219407 BCX0\"> Warunki korzystania z us\u0142ugi przyznaj\u0105 Ci wszelkie prawa do Znak\u00f3w i innej Tre\u015bci, kt\u00f3re nie zosta\u0142y tutaj wyra\u017anie wymienione.<\/span><\/span><span class=\"EOP SCXW249219407 BCX0\" data-ccp-props=\"{&quot;201341983&quot;:0,&quot;335551550&quot;:6,&quot;335551620&quot;:6,&quot;335559739&quot;:120,&quot;335559740&quot;:240}\">\u00a0<\/span><\/p>\n<\/p>\n\t<\/div>\n<\/section>\n\n<section id=\"txt-header\">\n\t<div class=\"container block-text-header\">\n\t\t<h3>4. Tre\u015bci stron trzecich<\/h3>\n\t\t<h2><\/h2>\n\t\t<p><p><span class=\"TextRun SCXW29437703 BCX0\" lang=\"EN-US\" xml:lang=\"EN-US\" data-contrast=\"auto\"><span class=\"NormalTextRun SCXW29437703 BCX0\">Niniejsza Strona internetowa mo\u017ce zawiera\u0107 linki do stron internetowych i tre\u015bci stron trzecich (\u201eTre\u015bci stron trzecich\u201d) w ramach \u015bwiadczonych us\u0142ug. Wszelkie Tre\u015bci stron trzecich lub strony internetowe stron trzecich dost\u0119pne za po\u015brednictwem link\u00f3w zawartych na Stronie internetowej stanowi\u0105 informacje zewn\u0119trzne. <\/span><span class=\"NormalTextRun SCXW29437703 BCX0\">FUJIFILM<\/span><span class=\"NormalTextRun SCXW29437703 BCX0\"> nie monitoruje, nie przegl\u0105da ani nie aktualizuje \u017cadnych Tre\u015bci Stron Trzecich ani witryn internetowych stron trzecich i nie sprawuje nad nimi kontroli. O ile wyra\u017anie nie zaznaczono inaczej, <\/span><span class=\"NormalTextRun SCXW29437703 BCX0\">FUJIFILM<\/span><span class=\"NormalTextRun SCXW29437703 BCX0\"> nie popiera ani nie przyjmuje \u017cadnych Tre\u015bci Stron Trzecich i <\/span><span class=\"NormalTextRun SCXW29437703 BCX0\">FUJIFILM<\/span><span class=\"NormalTextRun SCXW29437703 BCX0\"> Nie sk\u0142ada \u017cadnych o\u015bwiadcze\u0144, gwarancji ani zapewnie\u0144 co do dok\u0142adno\u015bci, kompletno\u015bci, aktualno\u015bci ani rzetelno\u015bci Tre\u015bci Stron Trzecich. Korzystanie z tych link\u00f3w i Tre\u015bci Stron Trzecich odbywa si\u0119 wy\u0142\u0105cznie na w\u0142asne ryzyko. Ponadto odniesienie do jakichkolwiek produkt\u00f3w, us\u0142ug, proces\u00f3w lub innych informacji poprzez nazw\u0119 handlow\u0105, znak towarowy, producenta, dostawc\u0119 lub w inny spos\u00f3b nie stanowi ani nie implikuje \u017cadnego poparcia, sponsorowania ani rekomendacji ze strony <\/span><span class=\"NormalTextRun SCXW29437703 BCX0\">FUJIFILM<\/span><span class=\"NormalTextRun SCXW29437703 BCX0\">.<\/span><\/span><span class=\"EOP SCXW29437703 BCX0\" data-ccp-props=\"{&quot;201341983&quot;:0,&quot;335551550&quot;:6,&quot;335551620&quot;:6,&quot;335559739&quot;:120,&quot;335559740&quot;:240}\">\u00a0<\/span><\/p>\n<\/p>\n\t<\/div>\n<\/section>\n\n<section id=\"txt-header\">\n\t<div class=\"container block-text-header\">\n\t\t<h3>5. Aktualizacje i poprawki<\/h3>\n\t\t<h2><\/h2>\n\t\t<p><p><span class=\"TextRun SCXW41304652 BCX0\" lang=\"EN-US\" xml:lang=\"EN-US\" data-contrast=\"auto\"><span class=\"NormalTextRun SCXW41304652 BCX0\">Tre\u015b\u0107 zamieszczona na tej Stronie internetowej jest dostarczana przez <\/span><span class=\"NormalTextRun SCXW41304652 BCX0\">FUJIFILM<\/span><span class=\"NormalTextRun SCXW41304652 BCX0\"> dla Twojej wygody i mog\u0105 ulec zmianie bez powiadomienia. <\/span><span class=\"NormalTextRun SCXW41304652 BCX0\">FUJIFILM<\/span><span class=\"NormalTextRun SCXW41304652 BCX0\"> mo\u017ce w ka\u017cdej chwili i od czasu do czasu dokona\u0107 przegl\u0105du i aktualizacji Warunk\u00f3w<\/span><span class=\"NormalTextRun SCXW41304652 BCX0\"> &amp; Warunki i Tre\u015b\u0107. <\/span><span class=\"NormalTextRun SCXW41304652 BCX0\">Zalecamy okresowe odwiedzanie tej strony w celu zapoznania si\u0119 ze wszystkimi obowi\u0105zuj\u0105cymi warunkami i postanowieniami, a tak\u017ce og\u00f3lne przegl\u0105danie tej witryny internetowej w celu zapoznania si\u0119 z ewentualnymi aktualizacjami i zmianami.<\/span><\/span><span class=\"EOP SCXW41304652 BCX0\" data-ccp-props=\"{&quot;201341983&quot;:0,&quot;335551550&quot;:6,&quot;335551620&quot;:6,&quot;335559739&quot;:120,&quot;335559740&quot;:240}\">\u00a0<\/span><\/p>\n<\/p>\n\t<\/div>\n<\/section>\n\n<section id=\"txt-header\">\n\t<div class=\"container block-text-header\">\n\t\t<h3>6. Brak gwarancji<\/h3>\n\t\t<h2><\/h2>\n\t\t<p><p><span class=\"TextRun SCXW233883867 BCX0\" lang=\"EN-US\" xml:lang=\"EN-US\" data-contrast=\"auto\"><span class=\"NormalTextRun SCXW233883867 BCX0\">Niniejsza strona internetowa, jej zawarto\u015b\u0107 oraz us\u0142ugi s\u0105 udost\u0119pniane \u201etak jak s\u0105\u201d, bez jakiejkolwiek gwarancji, wyra\u017anej lub dorozumianej. <\/span><span class=\"NormalTextRun SCXW233883867 BCX0\">FUJIFILM<\/span><span class=\"NormalTextRun SCXW233883867 BCX0\"> zrzeka si\u0119 wszelkich gwarancji, w tym mi\u0119dzy innymi dorozumianych gwarancji przydatno\u015bci handlowej i przydatno\u015bci do u\u017cytku <\/span><span class=\"NormalTextRun SCXW233883867 BCX0\">konkretny cel, <\/span><span class=\"NormalTextRun SCXW233883867 BCX0\">zawarto\u015b\u0107 informacyjna, integracja system\u00f3w lub dok\u0142adno\u015b\u0107.<\/span><\/span><span class=\"EOP SCXW233883867 BCX0\" data-ccp-props=\"{&quot;201341983&quot;:0,&quot;335551550&quot;:6,&quot;335551620&quot;:6,&quot;335559739&quot;:120,&quot;335559740&quot;:240}\">\u00a0<\/span><\/p>\n<\/p>\n\t<\/div>\n<\/section>\n\n<section id=\"txt-header\">\n\t<div class=\"container block-text-header\">\n\t\t<h3>7. Kontakt <\/h3>\n\t\t<h2><\/h2>\n\t\t<p><p><span class=\"TextRun SCXW190873264 BCX0\" lang=\"EN-US\" xml:lang=\"EN-US\" data-contrast=\"auto\"><span class=\"NormalTextRun SCXW190873264 BCX0\">Nasze dane kontaktowe znajdziesz w stopce redakcyjnej witryny internetowej<\/span><span class=\"NormalTextRun SCXW190873264 BCX0\">.<\/span><\/span><span class=\"EOP SCXW190873264 BCX0\" data-ccp-props=\"{&quot;201341983&quot;:0,&quot;335551550&quot;:6,&quot;335551620&quot;:6,&quot;335559739&quot;:120,&quot;335559740&quot;:240}\">\u00a0<\/span><\/p>\n<\/p>\n\t<\/div>\n<\/section>","protected":false},"excerpt":{"rendered":"","protected":false},"author":1,"featured_media":0,"parent":0,"menu_order":0,"comment_status":"closed","ping_status":"closed","template":"","meta":{"inline_featured_image":false,"footnotes":""},"class_list":["post-20828","page","type-page","status-publish","hentry"],"acf":[],"yoast_head":"<!-- This site is optimized with the Yoast SEO plugin v22.0 - https:\/\/yoast.com\/wordpress\/plugins\/seo\/ -->\n<title>Terms of Use - Fujifilm Print EMEA<\/title>\n<meta name=\"robots\" content=\"index, follow, max-snippet:-1, max-image-preview:large, max-video-preview:-1\" \/>\n<link rel=\"canonical\" href=\"https:\/\/make-more.eu\/pl\/terms-of-use\/\" \/>\n<meta property=\"og:locale\" content=\"pl_PL\" \/>\n<meta property=\"og:type\" content=\"article\" \/>\n<meta property=\"og:title\" content=\"Terms of Use - Fujifilm Print EMEA\" \/>\n<meta property=\"og:url\" content=\"https:\/\/make-more.eu\/pl\/terms-of-use\/\" \/>\n<meta property=\"og:site_name\" content=\"Fujifilm Print EMEA\" \/>\n<meta property=\"article:modified_time\" content=\"2026-02-17T14:25:39+00:00\" \/>\n<meta name=\"twitter:card\" content=\"summary_large_image\" \/>\n<script type=\"application\/ld+json\" class=\"yoast-schema-graph\">{\"@context\":\"https:\/\/schema.org\",\"@graph\":[{\"@type\":\"WebPage\",\"@id\":\"https:\/\/make-more.eu\/terms-of-use\/\",\"url\":\"https:\/\/make-more.eu\/terms-of-use\/\",\"name\":\"Terms of Use - Fujifilm Print EMEA\",\"isPartOf\":{\"@id\":\"https:\/\/make-more.eu\/#website\"},\"datePublished\":\"2026-02-17T14:25:38+00:00\",\"dateModified\":\"2026-02-17T14:25:39+00:00\",\"breadcrumb\":{\"@id\":\"https:\/\/make-more.eu\/terms-of-use\/#breadcrumb\"},\"inLanguage\":\"pl-PL\",\"potentialAction\":[{\"@type\":\"ReadAction\",\"target\":[\"https:\/\/make-more.eu\/terms-of-use\/\"]}]},{\"@type\":\"BreadcrumbList\",\"@id\":\"https:\/\/make-more.eu\/terms-of-use\/#breadcrumb\",\"itemListElement\":[{\"@type\":\"ListItem\",\"position\":1,\"name\":\"Home\",\"item\":\"https:\/\/make-more.eu\/\"},{\"@type\":\"ListItem\",\"position\":2,\"name\":\"Terms of Use\"}]},{\"@type\":\"WebSite\",\"@id\":\"https:\/\/make-more.eu\/#website\",\"url\":\"https:\/\/make-more.eu\/\",\"name\":\"Fujifilm Print EMEA\",\"description\":\"\",\"publisher\":{\"@id\":\"https:\/\/make-more.eu\/#organization\"},\"potentialAction\":[{\"@type\":\"SearchAction\",\"target\":{\"@type\":\"EntryPoint\",\"urlTemplate\":\"https:\/\/make-more.eu\/?s={search_term_string}\"},\"query-input\":\"required name=search_term_string\"}],\"inLanguage\":\"pl-PL\"},{\"@type\":\"Organization\",\"@id\":\"https:\/\/make-more.eu\/#organization\",\"name\":\"Fujifilm Print EMEA\",\"url\":\"https:\/\/make-more.eu\/\",\"logo\":{\"@type\":\"ImageObject\",\"inLanguage\":\"pl-PL\",\"@id\":\"https:\/\/make-more.eu\/#\/schema\/logo\/image\/\",\"url\":\"https:\/\/make-more.eu\/wp-content\/uploads\/2025\/06\/fujifilm-1.png\",\"contentUrl\":\"https:\/\/make-more.eu\/wp-content\/uploads\/2025\/06\/fujifilm-1.png\",\"width\":416,\"height\":70,\"caption\":\"Fujifilm Print EMEA\"},\"image\":{\"@id\":\"https:\/\/make-more.eu\/#\/schema\/logo\/image\/\"}}]}<\/script>\n<!-- \/ Yoast SEO plugin. -->","yoast_head_json":{"title":"Terms of Use - Fujifilm Print EMEA","robots":{"index":"index","follow":"follow","max-snippet":"max-snippet:-1","max-image-preview":"max-image-preview:large","max-video-preview":"max-video-preview:-1"},"canonical":"https:\/\/make-more.eu\/pl\/terms-of-use\/","og_locale":"pl_PL","og_type":"article","og_title":"Terms of Use - Fujifilm Print EMEA","og_url":"https:\/\/make-more.eu\/pl\/terms-of-use\/","og_site_name":"Fujifilm Print EMEA","article_modified_time":"2026-02-17T14:25:39+00:00","twitter_card":"summary_large_image","schema":{"@context":"https:\/\/schema.org","@graph":[{"@type":"WebPage","@id":"https:\/\/make-more.eu\/terms-of-use\/","url":"https:\/\/make-more.eu\/terms-of-use\/","name":"Terms of Use - Fujifilm Print EMEA","isPartOf":{"@id":"https:\/\/make-more.eu\/#website"},"datePublished":"2026-02-17T14:25:38+00:00","dateModified":"2026-02-17T14:25:39+00:00","breadcrumb":{"@id":"https:\/\/make-more.eu\/terms-of-use\/#breadcrumb"},"inLanguage":"pl-PL","potentialAction":[{"@type":"ReadAction","target":["https:\/\/make-more.eu\/terms-of-use\/"]}]},{"@type":"BreadcrumbList","@id":"https:\/\/make-more.eu\/terms-of-use\/#breadcrumb","itemListElement":[{"@type":"ListItem","position":1,"name":"Home","item":"https:\/\/make-more.eu\/"},{"@type":"ListItem","position":2,"name":"Terms of Use"}]},{"@type":"WebSite","@id":"https:\/\/make-more.eu\/#website","url":"https:\/\/make-more.eu\/","name":"Fujifilm Print EMEA","description":"","publisher":{"@id":"https:\/\/make-more.eu\/#organization"},"potentialAction":[{"@type":"SearchAction","target":{"@type":"EntryPoint","urlTemplate":"https:\/\/make-more.eu\/?s={search_term_string}"},"query-input":"required name=search_term_string"}],"inLanguage":"pl-PL"},{"@type":"Organization","@id":"https:\/\/make-more.eu\/#organization","name":"Fujifilm Print EMEA","url":"https:\/\/make-more.eu\/","logo":{"@type":"ImageObject","inLanguage":"pl-PL","@id":"https:\/\/make-more.eu\/#\/schema\/logo\/image\/","url":"https:\/\/make-more.eu\/wp-content\/uploads\/2025\/06\/fujifilm-1.png","contentUrl":"https:\/\/make-more.eu\/wp-content\/uploads\/2025\/06\/fujifilm-1.png","width":416,"height":70,"caption":"Fujifilm Print EMEA"},"image":{"@id":"https:\/\/make-more.eu\/#\/schema\/logo\/image\/"}}]}},"_links":{"self":[{"href":"https:\/\/make-more.eu\/pl\/wp-json\/wp\/v2\/pages\/20828","targetHints":{"allow":["GET"]}}],"collection":[{"href":"https:\/\/make-more.eu\/pl\/wp-json\/wp\/v2\/pages"}],"about":[{"href":"https:\/\/make-more.eu\/pl\/wp-json\/wp\/v2\/types\/page"}],"author":[{"embeddable":true,"href":"https:\/\/make-more.eu\/pl\/wp-json\/wp\/v2\/users\/1"}],"replies":[{"embeddable":true,"href":"https:\/\/make-more.eu\/pl\/wp-json\/wp\/v2\/comments?post=20828"}],"version-history":[{"count":1,"href":"https:\/\/make-more.eu\/pl\/wp-json\/wp\/v2\/pages\/20828\/revisions"}],"predecessor-version":[{"id":20829,"href":"https:\/\/make-more.eu\/pl\/wp-json\/wp\/v2\/pages\/20828\/revisions\/20829"}],"wp:attachment":[{"href":"https:\/\/make-more.eu\/pl\/wp-json\/wp\/v2\/media?parent=20828"}],"curies":[{"name":"wp","href":"https:\/\/api.w.org\/{rel}","templated":true}]}}