{"id":20828,"date":"2026-02-17T15:25:38","date_gmt":"2026-02-17T14:25:38","guid":{"rendered":"https:\/\/make-more.eu\/?page_id=20828"},"modified":"2026-02-17T15:25:39","modified_gmt":"2026-02-17T14:25:39","slug":"terms-of-use","status":"publish","type":"page","link":"https:\/\/make-more.eu\/nl\/terms-of-use\/","title":{"rendered":"Gebruiksvoorwaarden"},"content":{"rendered":"<section id=\"txt-header\">\n\t<div class=\"container block-text-header\">\n\t\t<h3><\/h3>\n\t\t<h2>Gebruiksvoorwaarden<\/h2>\n\t\t<p><p><span data-contrast=\"auto\">Hartelijk dank voor uw bezoek aan deze website. Deze website, inclusief alle landspecifieke pagina&#039;s in lokale talen en alle andere pagina&#039;s, is eigendom van FUJIFILM Europe en wordt uitsluitend door FUJIFILM beheerd en beschikbaar gesteld aan het publiek met als doel ge\u00efnteresseerden in FUJIFILM Corporation in Europa en de producten en diensten van FUJIFILM een gemakkelijke manier te bieden om relevante informatie te vinden, zoals de laatste persberichten, financi\u00eble informatie, het productaanbod, lokale contactgegevens en websites van dochterondernemingen of distributeurs van FUJIFILM.<\/span><span data-ccp-props=\"{&quot;201341983&quot;:0,&quot;335551550&quot;:6,&quot;335551620&quot;:6,&quot;335559739&quot;:120,&quot;335559740&quot;:240}\">\u00a0<\/span><\/p>\n<p><span data-contrast=\"auto\">Uw toegang tot, het bekijken van en het gebruik van deze website wordt beheerst door de volgende algemene voorwaarden en alle andere voorwaarden, bepalingen of richtlijnen die elders op deze website zijn vermeld, alsmede alle toepasselijke wetten, regels en voorschriften, waaronder maar niet beperkt tot wetten met betrekking tot handelsmerken, auteursrechten, privacyrechten en smaad.<\/span><span data-ccp-props=\"{&quot;201341983&quot;:0,&quot;335551550&quot;:6,&quot;335551620&quot;:6,&quot;335559739&quot;:120,&quot;335559740&quot;:240}\">\u00a0<\/span><\/p>\n<p><span data-contrast=\"auto\">FUJIFILM verzoekt u daarom vriendelijk de Algemene Voorwaarden zorgvuldig te lezen.<\/span><span data-ccp-props=\"{&quot;201341983&quot;:0,&quot;335551550&quot;:6,&quot;335551620&quot;:6,&quot;335559739&quot;:120,&quot;335559740&quot;:240}\">\u00a0<\/span><\/p>\n<\/p>\n\t<\/div>\n<\/section>\n\n<section id=\"txt-header\">\n\t<div class=\"container block-text-header\">\n\t\t<h3>1. Gebruik van deze website <\/h3>\n\t\t<h2><\/h2>\n\t\t<p><p><span data-contrast=\"auto\">Deze algemene voorwaarden zijn van toepassing op deze website en op alle andere websites die naar deze algemene voorwaarden verwijzen. U kunt aanvullende voorwaarden vinden die betrekking hebben op specifieke pagina&#039;s op deze website. Uw gebruik van dergelijke pagina&#039;s binnen deze website wordt beheerst door de voorwaarden van die pagina&#039;s. In geval van tegenstrijdigheden tussen de hierin vermelde algemene voorwaarden en aanvullende voorwaarden die elders op deze website worden vermeld, prevaleren de aanvullende voorwaarden.<\/span><span data-ccp-props=\"{&quot;201341983&quot;:0,&quot;335551550&quot;:6,&quot;335551620&quot;:6,&quot;335559739&quot;:120,&quot;335559740&quot;:240}\">\u00a0<\/span><\/p>\n<p><span data-contrast=\"auto\">Onder voorbehoud van deze Algemene Voorwaarden verleent FUJIFILM u hierbij, op grond van de intellectuele eigendomsrechten van FUJIFILM, een niet-exclusief, wereldwijd en niet-overdraagbaar recht om deze Website en de daarin opgenomen Content uitsluitend voor persoonlijk, niet-commercieel gebruik te gebruiken, met inachtneming van de beperkingen en verplichtingen zoals uiteengezet in deze Algemene Voorwaarden. Verdere rechten worden niet verleend.<\/span><span data-ccp-props=\"{&quot;201341983&quot;:0,&quot;335551550&quot;:6,&quot;335551620&quot;:6,&quot;335559739&quot;:120,&quot;335559740&quot;:240}\">\u00a0<\/span><\/p>\n<\/p>\n\t<\/div>\n<\/section>\n\n<section id=\"txt-header\">\n\t<div class=\"container block-text-header\">\n\t\t<h3>2. Intellectuele eigendomsrechten <\/h3>\n\t\t<h2><\/h2>\n\t\t<p><p><span class=\"TextRun SCXW205518629 BCX0\" lang=\"EN-US\" xml:lang=\"EN-US\" data-contrast=\"auto\"><span class=\"NormalTextRun SCXW205518629 BCX0\">Tenzij anders vermeld of aangegeven, zijn alle tekst, softwareprogramma&#039;s die beschikbaar zijn op of via deze website, en andere inhoud die op deze website is opgenomen (&quot;Inhoud&quot;), inclusief handelsmerken (geregistreerd en niet-geregistreerd), afbeeldingen, foto&#039;s, logo&#039;s en dienstmerken (gezamenlijk de &quot;Merken&quot;) en de selectie, rangschikking en &quot;look and feel&quot; van de Merken en andere Inhoud, eigendom van <\/span><span class=\"NormalTextRun SCXW205518629 BCX0\">FUJIFILM<\/span><span class=\"NormalTextRun SCXW205518629 BCX0\"> of het eigendom van derden die toestemming hebben verleend <\/span><span class=\"NormalTextRun SCXW205518629 BCX0\">FUJIFILM<\/span><span class=\"NormalTextRun SCXW205518629 BCX0\"> Toestemming om dergelijke inhoud op deze website te gebruiken. Alle inhoud is beschermd door internationale auteursrecht- en merkenwetgeving.<\/span><\/span><span class=\"EOP SCXW205518629 BCX0\" data-ccp-props=\"{&quot;201341983&quot;:0,&quot;335551550&quot;:6,&quot;335551620&quot;:6,&quot;335559739&quot;:120,&quot;335559740&quot;:240}\">\u00a0<\/span><\/p>\n<\/p>\n\t<\/div>\n<\/section>\n\n<section id=\"txt-header\">\n\t<div class=\"container block-text-header\">\n\t\t<h3>3. Beperkingen op het gebruik van de inhoud van deze website <\/h3>\n\t\t<h2><\/h2>\n\t\t<p><p><span class=\"TextRun SCXW249219407 BCX0\" lang=\"EN-US\" xml:lang=\"EN-US\" data-contrast=\"auto\"><span class=\"NormalTextRun SCXW249219407 BCX0\">Tenzij uitdrukkelijk anders is toegestaan onder de toepasselijke wetgeving of zoals hierin of elders op deze website is bepaald, of door voorafgaande schriftelijke toestemming te verkrijgen van <\/span><span class=\"NormalTextRun SCXW249219407 BCX0\">FUJIFILM<\/span><span class=\"NormalTextRun SCXW249219407 BCX0\">, of een derde partij die over de bevoegdheid, autoriteit, titels of belangen beschikt die nodig zijn om dergelijke wettelijke toestemming te verlenen, is het u verboden om Merken of andere Inhoud die beschikbaar zijn op of via deze Website te wijzigen, kopi\u00ebren, downloaden, distribueren, verzenden, weergeven, publiceren, verkopen, licenti\u00ebren, afgeleide werken te cre\u00ebren of anderszins te gebruiken voor commerci\u00eble of publieke doeleinden, inclusief, maar niet beperkt tot, gebruik als metatags op andere pagina&#039;s of websites op het World Wide Web. Niets in <\/span><span class=\"NormalTextRun SCXW249219407 BCX0\">deze<\/span><span class=\"NormalTextRun SCXW249219407 BCX0\"> Deze algemene voorwaarden verlenen u geen rechten op de merken of andere inhoud die hierin niet specifiek worden vermeld.<\/span><\/span><span class=\"EOP SCXW249219407 BCX0\" data-ccp-props=\"{&quot;201341983&quot;:0,&quot;335551550&quot;:6,&quot;335551620&quot;:6,&quot;335559739&quot;:120,&quot;335559740&quot;:240}\">\u00a0<\/span><\/p>\n<\/p>\n\t<\/div>\n<\/section>\n\n<section id=\"txt-header\">\n\t<div class=\"container block-text-header\">\n\t\t<h3>4. Inhoud van derden<\/h3>\n\t\t<h2><\/h2>\n\t\t<p><p><span class=\"TextRun SCXW29437703 BCX0\" lang=\"EN-US\" xml:lang=\"EN-US\" data-contrast=\"auto\"><span class=\"NormalTextRun SCXW29437703 BCX0\">Deze website kan links bevatten naar websites en de inhoud van derden (&quot;Inhoud van derden&quot;) als service aan u. Alle inhoud van derden of websites van derden die toegankelijk zijn via de links op deze website, zijn externe informatie. <\/span><span class=\"NormalTextRun SCXW29437703 BCX0\">FUJIFILM<\/span><span class=\"NormalTextRun SCXW29437703 BCX0\"> Houdt geen toezicht op, beoordeelt of actualiseert geen inhoud van derden of websites van derden en heeft daar geen enkele controle over. Tenzij uitdrukkelijk anders vermeld, <\/span><span class=\"NormalTextRun SCXW29437703 BCX0\">FUJIFILM<\/span><span class=\"NormalTextRun SCXW29437703 BCX0\"> onderschrijft of aanvaardt geen enkele inhoud van derden, en <\/span><span class=\"NormalTextRun SCXW29437703 BCX0\">FUJIFILM<\/span><span class=\"NormalTextRun SCXW29437703 BCX0\"> geeft geen enkele verklaring, garantie of waarborg met betrekking tot de nauwkeurigheid, volledigheid, actualiteit of betrouwbaarheid van inhoud van derden. Als u deze links en de inhoud van derden gebruikt, doet u dit geheel op eigen risico. Bovendien houdt verwijzing naar producten, diensten, processen of andere informatie door middel van handelsnaam, handelsmerk, fabrikant, leverancier of anderszins geen goedkeuring, sponsoring of aanbeveling in van derden. <\/span><span class=\"NormalTextRun SCXW29437703 BCX0\">FUJIFILM<\/span><span class=\"NormalTextRun SCXW29437703 BCX0\">.<\/span><\/span><span class=\"EOP SCXW29437703 BCX0\" data-ccp-props=\"{&quot;201341983&quot;:0,&quot;335551550&quot;:6,&quot;335551620&quot;:6,&quot;335559739&quot;:120,&quot;335559740&quot;:240}\">\u00a0<\/span><\/p>\n<\/p>\n\t<\/div>\n<\/section>\n\n<section id=\"txt-header\">\n\t<div class=\"container block-text-header\">\n\t\t<h3>5. Updates en herzieningen<\/h3>\n\t\t<h2><\/h2>\n\t\t<p><p><span class=\"TextRun SCXW41304652 BCX0\" lang=\"EN-US\" xml:lang=\"EN-US\" data-contrast=\"auto\"><span class=\"NormalTextRun SCXW41304652 BCX0\">De inhoud van deze website wordt aangeboden door <\/span><span class=\"NormalTextRun SCXW41304652 BCX0\">FUJIFILM<\/span><span class=\"NormalTextRun SCXW41304652 BCX0\"> Dit is voor uw gemak en kan zonder voorafgaande kennisgeving worden gewijzigd. <\/span><span class=\"NormalTextRun SCXW41304652 BCX0\">FUJIFILM<\/span><span class=\"NormalTextRun SCXW41304652 BCX0\"> kan de voorwaarden te allen tijde en van tijd tot tijd herzien en bijwerken.<\/span><span class=\"NormalTextRun SCXW41304652 BCX0\"> Voorwaarden en inhoud. <\/span><span class=\"NormalTextRun SCXW41304652 BCX0\">Wij raden u aan deze pagina regelmatig te bezoeken om de actuele algemene voorwaarden te bekijken en u hiermee vertrouwd te maken, en om deze website in het algemeen te raadplegen om op de hoogte te blijven van eventuele updates en wijzigingen.<\/span><\/span><span class=\"EOP SCXW41304652 BCX0\" data-ccp-props=\"{&quot;201341983&quot;:0,&quot;335551550&quot;:6,&quot;335551620&quot;:6,&quot;335559739&quot;:120,&quot;335559740&quot;:240}\">\u00a0<\/span><\/p>\n<\/p>\n\t<\/div>\n<\/section>\n\n<section id=\"txt-header\">\n\t<div class=\"container block-text-header\">\n\t\t<h3>6. Geen garanties<\/h3>\n\t\t<h2><\/h2>\n\t\t<p><p><span class=\"TextRun SCXW233883867 BCX0\" lang=\"EN-US\" xml:lang=\"EN-US\" data-contrast=\"auto\"><span class=\"NormalTextRun SCXW233883867 BCX0\">Deze website, de inhoud ervan en de aangeboden diensten worden geleverd &quot;zoals ze zijn&quot;, zonder enige garantie, expliciet noch impliciet. <\/span><span class=\"NormalTextRun SCXW233883867 BCX0\">FUJIFILM<\/span><span class=\"NormalTextRun SCXW233883867 BCX0\"> wijst alle garanties af, inclusief, maar niet beperkt tot, de impliciete garanties van verkoopbaarheid en geschiktheid voor een bepaald doel. <\/span><span class=\"NormalTextRun SCXW233883867 BCX0\">specifiek doel, <\/span><span class=\"NormalTextRun SCXW233883867 BCX0\">Informatieve inhoud, systeemintegratie of nauwkeurigheid.<\/span><\/span><span class=\"EOP SCXW233883867 BCX0\" data-ccp-props=\"{&quot;201341983&quot;:0,&quot;335551550&quot;:6,&quot;335551620&quot;:6,&quot;335559739&quot;:120,&quot;335559740&quot;:240}\">\u00a0<\/span><\/p>\n<\/p>\n\t<\/div>\n<\/section>\n\n<section id=\"txt-header\">\n\t<div class=\"container block-text-header\">\n\t\t<h3>7. Contact <\/h3>\n\t\t<h2><\/h2>\n\t\t<p><p><span class=\"TextRun SCXW190873264 BCX0\" lang=\"EN-US\" xml:lang=\"EN-US\" data-contrast=\"auto\"><span class=\"NormalTextRun SCXW190873264 BCX0\">U vindt onze contactgegevens in het impressum van de website.<\/span><span class=\"NormalTextRun SCXW190873264 BCX0\">.<\/span><\/span><span class=\"EOP SCXW190873264 BCX0\" data-ccp-props=\"{&quot;201341983&quot;:0,&quot;335551550&quot;:6,&quot;335551620&quot;:6,&quot;335559739&quot;:120,&quot;335559740&quot;:240}\">\u00a0<\/span><\/p>\n<\/p>\n\t<\/div>\n<\/section>","protected":false},"excerpt":{"rendered":"","protected":false},"author":1,"featured_media":0,"parent":0,"menu_order":0,"comment_status":"closed","ping_status":"closed","template":"","meta":{"inline_featured_image":false,"footnotes":""},"class_list":["post-20828","page","type-page","status-publish","hentry"],"acf":[],"yoast_head":"<!-- This site is optimized with the Yoast SEO plugin v22.0 - https:\/\/yoast.com\/wordpress\/plugins\/seo\/ -->\n<title>Terms of Use - Fujifilm Print EMEA<\/title>\n<meta name=\"robots\" content=\"index, follow, max-snippet:-1, max-image-preview:large, max-video-preview:-1\" \/>\n<link rel=\"canonical\" href=\"https:\/\/make-more.eu\/nl\/terms-of-use\/\" \/>\n<meta property=\"og:locale\" content=\"nl_NL\" \/>\n<meta property=\"og:type\" content=\"article\" \/>\n<meta property=\"og:title\" content=\"Terms of Use - Fujifilm Print EMEA\" \/>\n<meta property=\"og:url\" content=\"https:\/\/make-more.eu\/nl\/terms-of-use\/\" \/>\n<meta property=\"og:site_name\" content=\"Fujifilm Print EMEA\" \/>\n<meta property=\"article:modified_time\" content=\"2026-02-17T14:25:39+00:00\" \/>\n<meta name=\"twitter:card\" content=\"summary_large_image\" \/>\n<script type=\"application\/ld+json\" class=\"yoast-schema-graph\">{\"@context\":\"https:\/\/schema.org\",\"@graph\":[{\"@type\":\"WebPage\",\"@id\":\"https:\/\/make-more.eu\/terms-of-use\/\",\"url\":\"https:\/\/make-more.eu\/terms-of-use\/\",\"name\":\"Terms of Use - Fujifilm Print EMEA\",\"isPartOf\":{\"@id\":\"https:\/\/make-more.eu\/#website\"},\"datePublished\":\"2026-02-17T14:25:38+00:00\",\"dateModified\":\"2026-02-17T14:25:39+00:00\",\"breadcrumb\":{\"@id\":\"https:\/\/make-more.eu\/terms-of-use\/#breadcrumb\"},\"inLanguage\":\"nl-NL\",\"potentialAction\":[{\"@type\":\"ReadAction\",\"target\":[\"https:\/\/make-more.eu\/terms-of-use\/\"]}]},{\"@type\":\"BreadcrumbList\",\"@id\":\"https:\/\/make-more.eu\/terms-of-use\/#breadcrumb\",\"itemListElement\":[{\"@type\":\"ListItem\",\"position\":1,\"name\":\"Home\",\"item\":\"https:\/\/make-more.eu\/\"},{\"@type\":\"ListItem\",\"position\":2,\"name\":\"Terms of Use\"}]},{\"@type\":\"WebSite\",\"@id\":\"https:\/\/make-more.eu\/#website\",\"url\":\"https:\/\/make-more.eu\/\",\"name\":\"Fujifilm Print EMEA\",\"description\":\"\",\"publisher\":{\"@id\":\"https:\/\/make-more.eu\/#organization\"},\"potentialAction\":[{\"@type\":\"SearchAction\",\"target\":{\"@type\":\"EntryPoint\",\"urlTemplate\":\"https:\/\/make-more.eu\/?s={search_term_string}\"},\"query-input\":\"required name=search_term_string\"}],\"inLanguage\":\"nl-NL\"},{\"@type\":\"Organization\",\"@id\":\"https:\/\/make-more.eu\/#organization\",\"name\":\"Fujifilm Print EMEA\",\"url\":\"https:\/\/make-more.eu\/\",\"logo\":{\"@type\":\"ImageObject\",\"inLanguage\":\"nl-NL\",\"@id\":\"https:\/\/make-more.eu\/#\/schema\/logo\/image\/\",\"url\":\"https:\/\/make-more.eu\/wp-content\/uploads\/2025\/06\/fujifilm-1.png\",\"contentUrl\":\"https:\/\/make-more.eu\/wp-content\/uploads\/2025\/06\/fujifilm-1.png\",\"width\":416,\"height\":70,\"caption\":\"Fujifilm Print EMEA\"},\"image\":{\"@id\":\"https:\/\/make-more.eu\/#\/schema\/logo\/image\/\"}}]}<\/script>\n<!-- \/ Yoast SEO plugin. -->","yoast_head_json":{"title":"Terms of Use - Fujifilm Print EMEA","robots":{"index":"index","follow":"follow","max-snippet":"max-snippet:-1","max-image-preview":"max-image-preview:large","max-video-preview":"max-video-preview:-1"},"canonical":"https:\/\/make-more.eu\/nl\/terms-of-use\/","og_locale":"nl_NL","og_type":"article","og_title":"Terms of Use - Fujifilm Print EMEA","og_url":"https:\/\/make-more.eu\/nl\/terms-of-use\/","og_site_name":"Fujifilm Print EMEA","article_modified_time":"2026-02-17T14:25:39+00:00","twitter_card":"summary_large_image","schema":{"@context":"https:\/\/schema.org","@graph":[{"@type":"WebPage","@id":"https:\/\/make-more.eu\/terms-of-use\/","url":"https:\/\/make-more.eu\/terms-of-use\/","name":"Terms of Use - Fujifilm Print EMEA","isPartOf":{"@id":"https:\/\/make-more.eu\/#website"},"datePublished":"2026-02-17T14:25:38+00:00","dateModified":"2026-02-17T14:25:39+00:00","breadcrumb":{"@id":"https:\/\/make-more.eu\/terms-of-use\/#breadcrumb"},"inLanguage":"nl-NL","potentialAction":[{"@type":"ReadAction","target":["https:\/\/make-more.eu\/terms-of-use\/"]}]},{"@type":"BreadcrumbList","@id":"https:\/\/make-more.eu\/terms-of-use\/#breadcrumb","itemListElement":[{"@type":"ListItem","position":1,"name":"Home","item":"https:\/\/make-more.eu\/"},{"@type":"ListItem","position":2,"name":"Terms of Use"}]},{"@type":"WebSite","@id":"https:\/\/make-more.eu\/#website","url":"https:\/\/make-more.eu\/","name":"Fujifilm Print EMEA","description":"","publisher":{"@id":"https:\/\/make-more.eu\/#organization"},"potentialAction":[{"@type":"SearchAction","target":{"@type":"EntryPoint","urlTemplate":"https:\/\/make-more.eu\/?s={search_term_string}"},"query-input":"required name=search_term_string"}],"inLanguage":"nl-NL"},{"@type":"Organization","@id":"https:\/\/make-more.eu\/#organization","name":"Fujifilm Print EMEA","url":"https:\/\/make-more.eu\/","logo":{"@type":"ImageObject","inLanguage":"nl-NL","@id":"https:\/\/make-more.eu\/#\/schema\/logo\/image\/","url":"https:\/\/make-more.eu\/wp-content\/uploads\/2025\/06\/fujifilm-1.png","contentUrl":"https:\/\/make-more.eu\/wp-content\/uploads\/2025\/06\/fujifilm-1.png","width":416,"height":70,"caption":"Fujifilm Print EMEA"},"image":{"@id":"https:\/\/make-more.eu\/#\/schema\/logo\/image\/"}}]}},"_links":{"self":[{"href":"https:\/\/make-more.eu\/nl\/wp-json\/wp\/v2\/pages\/20828","targetHints":{"allow":["GET"]}}],"collection":[{"href":"https:\/\/make-more.eu\/nl\/wp-json\/wp\/v2\/pages"}],"about":[{"href":"https:\/\/make-more.eu\/nl\/wp-json\/wp\/v2\/types\/page"}],"author":[{"embeddable":true,"href":"https:\/\/make-more.eu\/nl\/wp-json\/wp\/v2\/users\/1"}],"replies":[{"embeddable":true,"href":"https:\/\/make-more.eu\/nl\/wp-json\/wp\/v2\/comments?post=20828"}],"version-history":[{"count":1,"href":"https:\/\/make-more.eu\/nl\/wp-json\/wp\/v2\/pages\/20828\/revisions"}],"predecessor-version":[{"id":20829,"href":"https:\/\/make-more.eu\/nl\/wp-json\/wp\/v2\/pages\/20828\/revisions\/20829"}],"wp:attachment":[{"href":"https:\/\/make-more.eu\/nl\/wp-json\/wp\/v2\/media?parent=20828"}],"curies":[{"name":"wp","href":"https:\/\/api.w.org\/{rel}","templated":true}]}}