{"id":20828,"date":"2026-02-17T15:25:38","date_gmt":"2026-02-17T14:25:38","guid":{"rendered":"https:\/\/make-more.eu\/?page_id=20828"},"modified":"2026-02-17T15:25:39","modified_gmt":"2026-02-17T14:25:39","slug":"terms-of-use","status":"publish","type":"page","link":"https:\/\/make-more.eu\/es\/terms-of-use\/","title":{"rendered":"Condiciones de uso"},"content":{"rendered":"<section id=\"txt-header\">\n\t<div class=\"container block-text-header\">\n\t\t<h3><\/h3>\n\t\t<h2>T\u00e9rminos y condiciones de uso<\/h2>\n\t\t<p><p><span data-contrast=\"auto\">Gracias por visitar este sitio web. Este sitio web, incluyendo todas las p\u00e1ginas en idioma local y dem\u00e1s p\u00e1ginas, es propiedad de FUJIFILM Europa y es mantenido y puesto a disposici\u00f3n del p\u00fablico exclusivamente por FUJIFILM con el fin de ofrecer a quienes est\u00e9n interesados en FUJIFILM Corporation en Europa y en sus productos y servicios una forma c\u00f3moda de encontrar informaci\u00f3n relevante, como las \u00faltimas noticias, informaci\u00f3n financiera, gama de productos, informaci\u00f3n de contacto local y sitios web propiedad de las filiales de FUJIFILM o sus distribuidores.<\/span><span data-ccp-props=\"{&quot;201341983&quot;:0,&quot;335551550&quot;:6,&quot;335551620&quot;:6,&quot;335559739&quot;:120,&quot;335559740&quot;:240}\">\u00a0<\/span><\/p>\n<p><span data-contrast=\"auto\">Su acceso, navegaci\u00f3n y uso de este sitio web se rigen por los siguientes T\u00e9rminos y condiciones y cualquier otro t\u00e9rmino, condici\u00f3n o pauta establecida en otra parte de este sitio web, as\u00ed como todas las leyes, normas y regulaciones aplicables, incluidas, entre otras, las leyes sobre marcas comerciales, derechos de autor, derechos de privacidad y difamaci\u00f3n.<\/span><span data-ccp-props=\"{&quot;201341983&quot;:0,&quot;335551550&quot;:6,&quot;335551620&quot;:6,&quot;335559739&quot;:120,&quot;335559740&quot;:240}\">\u00a0<\/span><\/p>\n<p><span data-contrast=\"auto\">Por lo tanto, FUJIFILM le solicita amablemente que lea atentamente los T\u00e9rminos y Condiciones.<\/span><span data-ccp-props=\"{&quot;201341983&quot;:0,&quot;335551550&quot;:6,&quot;335551620&quot;:6,&quot;335559739&quot;:120,&quot;335559740&quot;:240}\">\u00a0<\/span><\/p>\n<\/p>\n\t<\/div>\n<\/section>\n\n<section id=\"txt-header\">\n\t<div class=\"container block-text-header\">\n\t\t<h3>1. Uso de este sitio web <\/h3>\n\t\t<h2><\/h2>\n\t\t<p><p><span data-contrast=\"auto\">Estos T\u00e9rminos y Condiciones se aplican a este Sitio Web y a cualquier otro sitio web que enlace con los T\u00e9rminos y Condiciones. Puede encontrar t\u00e9rminos y condiciones adicionales correspondientes a p\u00e1ginas espec\u00edficas de este Sitio Web. El uso de dichas p\u00e1ginas se rige por los t\u00e9rminos y condiciones de dichas p\u00e1ginas. En caso de conflicto entre los T\u00e9rminos y Condiciones aqu\u00ed estipulados y los t\u00e9rminos y condiciones adicionales proporcionados en otras partes de este Sitio Web, prevalecer\u00e1n estos \u00faltimos.<\/span><span data-ccp-props=\"{&quot;201341983&quot;:0,&quot;335551550&quot;:6,&quot;335551620&quot;:6,&quot;335559739&quot;:120,&quot;335559740&quot;:240}\">\u00a0<\/span><\/p>\n<p><span data-contrast=\"auto\">Sujeto a estos T\u00e9rminos y Condiciones, FUJIFILM le otorga, en virtud de sus derechos de propiedad intelectual, un derecho no exclusivo, mundial e intransferible para usar este Sitio Web y su Contenido \u00fanicamente para uso personal y no comercial, sujeto a las restricciones y obligaciones establecidas en estos T\u00e9rminos y Condiciones. No se conceden derechos de mayor alcance.<\/span><span data-ccp-props=\"{&quot;201341983&quot;:0,&quot;335551550&quot;:6,&quot;335551620&quot;:6,&quot;335559739&quot;:120,&quot;335559740&quot;:240}\">\u00a0<\/span><\/p>\n<\/p>\n\t<\/div>\n<\/section>\n\n<section id=\"txt-header\">\n\t<div class=\"container block-text-header\">\n\t\t<h3>2. Derechos de propiedad intelectual <\/h3>\n\t\t<h2><\/h2>\n\t\t<p><p><span class=\"TextRun SCXW205518629 BCX0\" lang=\"EN-US\" xml:lang=\"EN-US\" data-contrast=\"auto\"><span class=\"NormalTextRun SCXW205518629 BCX0\">A menos que se indique o indique lo contrario, todo el texto, los programas de software disponibles en este sitio web o a trav\u00e9s de \u00e9l, y otro contenido incluido en este sitio web (&quot;Contenido&quot;), incluidas las marcas comerciales (registradas y no registradas), los gr\u00e1ficos, las fotograf\u00edas, las im\u00e1genes, los logotipos y las marcas de servicio (colectivamente, las &quot;Marcas&quot;) y la selecci\u00f3n, la disposici\u00f3n y la &quot;apariencia&quot; de las Marcas y otro Contenido son propiedad de <\/span><span class=\"NormalTextRun SCXW205518629 BCX0\">FUJIFILM<\/span><span class=\"NormalTextRun SCXW205518629 BCX0\"> o la propiedad de terceros que hayan cedido <\/span><span class=\"NormalTextRun SCXW205518629 BCX0\">FUJIFILM<\/span><span class=\"NormalTextRun SCXW205518629 BCX0\"> Permiso para usar dicho Contenido en este sitio web. Todo el Contenido est\u00e1 protegido por las leyes internacionales de derechos de autor y marcas registradas.<\/span><\/span><span class=\"EOP SCXW205518629 BCX0\" data-ccp-props=\"{&quot;201341983&quot;:0,&quot;335551550&quot;:6,&quot;335551620&quot;:6,&quot;335559739&quot;:120,&quot;335559740&quot;:240}\">\u00a0<\/span><\/p>\n<\/p>\n\t<\/div>\n<\/section>\n\n<section id=\"txt-header\">\n\t<div class=\"container block-text-header\">\n\t\t<h3>3. Restricciones de uso del contenido de este sitio web <\/h3>\n\t\t<h2><\/h2>\n\t\t<p><p><span class=\"TextRun SCXW249219407 BCX0\" lang=\"EN-US\" xml:lang=\"EN-US\" data-contrast=\"auto\"><span class=\"NormalTextRun SCXW249219407 BCX0\">Salvo que lo permita expresamente la ley aplicable o lo permita este documento o en cualquier otra parte de este sitio web, o mediante la obtenci\u00f3n de permiso previo por escrito de <\/span><span class=\"NormalTextRun SCXW249219407 BCX0\">FUJIFILM<\/span><span class=\"NormalTextRun SCXW249219407 BCX0\">, o cualquier tercero que tenga el poder, la autoridad, los t\u00edtulos o el inter\u00e9s necesarios para otorgar dicho permiso legal, se le proh\u00edbe modificar, copiar, descargar, distribuir, transmitir, exhibir, publicar, vender, licenciar, crear trabajos derivados o utilizar de cualquier otra forma cualquier Marca u otro Contenido disponible en o a trav\u00e9s de este Sitio Web con fines comerciales o p\u00fablicos, incluyendo, entre otros, su uso como metaetiquetas en otras p\u00e1ginas o sitios web de la World Wide Web. Nada en <\/span><span class=\"NormalTextRun SCXW249219407 BCX0\">estos<\/span><span class=\"NormalTextRun SCXW249219407 BCX0\"> Los T\u00e9rminos y Condiciones le confieren cualquier derecho sobre las Marcas u otro Contenido que no se mencione espec\u00edficamente aqu\u00ed.<\/span><\/span><span class=\"EOP SCXW249219407 BCX0\" data-ccp-props=\"{&quot;201341983&quot;:0,&quot;335551550&quot;:6,&quot;335551620&quot;:6,&quot;335559739&quot;:120,&quot;335559740&quot;:240}\">\u00a0<\/span><\/p>\n<\/p>\n\t<\/div>\n<\/section>\n\n<section id=\"txt-header\">\n\t<div class=\"container block-text-header\">\n\t\t<h3>4. Contenido de terceros<\/h3>\n\t\t<h2><\/h2>\n\t\t<p><p><span class=\"TextRun SCXW29437703 BCX0\" lang=\"EN-US\" xml:lang=\"EN-US\" data-contrast=\"auto\"><span class=\"NormalTextRun SCXW29437703 BCX0\">Este sitio web puede contener enlaces a sitios web y contenido de terceros (\u00abContenido de terceros\u00bb) como servicio. Cualquier Contenido de terceros o sitios web de terceros accesibles a trav\u00e9s de los enlaces del sitio web se considera informaci\u00f3n externa. <\/span><span class=\"NormalTextRun SCXW29437703 BCX0\">FUJIFILM<\/span><span class=\"NormalTextRun SCXW29437703 BCX0\"> no supervisa, revisa ni actualiza, ni tiene control alguno sobre el Contenido de Terceros ni sobre sitios web de terceros. Salvo que se indique expresamente lo contrario, <\/span><span class=\"NormalTextRun SCXW29437703 BCX0\">FUJIFILM<\/span><span class=\"NormalTextRun SCXW29437703 BCX0\"> no respalda ni adopta ning\u00fan Contenido de Terceros, y <\/span><span class=\"NormalTextRun SCXW29437703 BCX0\">FUJIFILM<\/span><span class=\"NormalTextRun SCXW29437703 BCX0\"> No se garantiza la exactitud, integridad, puntualidad ni fiabilidad del Contenido de Terceros. Si utiliza estos enlaces y el Contenido de Terceros, lo hace bajo su propio riesgo. Adem\u00e1s, la referencia a productos, servicios, procesos u otra informaci\u00f3n por nombre comercial, marca registrada, fabricante, proveedor u otro medio no constituye ni implica respaldo, patrocinio ni recomendaci\u00f3n por parte de <\/span><span class=\"NormalTextRun SCXW29437703 BCX0\">FUJIFILM<\/span><span class=\"NormalTextRun SCXW29437703 BCX0\">.<\/span><\/span><span class=\"EOP SCXW29437703 BCX0\" data-ccp-props=\"{&quot;201341983&quot;:0,&quot;335551550&quot;:6,&quot;335551620&quot;:6,&quot;335559739&quot;:120,&quot;335559740&quot;:240}\">\u00a0<\/span><\/p>\n<\/p>\n\t<\/div>\n<\/section>\n\n<section id=\"txt-header\">\n\t<div class=\"container block-text-header\">\n\t\t<h3>5. Actualizaciones y revisiones<\/h3>\n\t\t<h2><\/h2>\n\t\t<p><p><span class=\"TextRun SCXW41304652 BCX0\" lang=\"EN-US\" xml:lang=\"EN-US\" data-contrast=\"auto\"><span class=\"NormalTextRun SCXW41304652 BCX0\">El contenido de este sitio web es proporcionado por <\/span><span class=\"NormalTextRun SCXW41304652 BCX0\">FUJIFILM<\/span><span class=\"NormalTextRun SCXW41304652 BCX0\"> para su conveniencia y est\u00e1 sujeto a cambios sin previo aviso. <\/span><span class=\"NormalTextRun SCXW41304652 BCX0\">FUJIFILM<\/span><span class=\"NormalTextRun SCXW41304652 BCX0\"> podr\u00e1, en cualquier momento y de vez en cuando, revisar y actualizar los T\u00e9rminos<\/span><span class=\"NormalTextRun SCXW41304652 BCX0\"> &amp; Condiciones y el Contenido. <\/span><span class=\"NormalTextRun SCXW41304652 BCX0\">Le recomendamos que visite peri\u00f3dicamente esta p\u00e1gina para revisar y familiarizarse con todos los t\u00e9rminos y condiciones actuales y que revise este sitio web en general para familiarizarse con las actualizaciones y revisiones.<\/span><\/span><span class=\"EOP SCXW41304652 BCX0\" data-ccp-props=\"{&quot;201341983&quot;:0,&quot;335551550&quot;:6,&quot;335551620&quot;:6,&quot;335559739&quot;:120,&quot;335559740&quot;:240}\">\u00a0<\/span><\/p>\n<\/p>\n\t<\/div>\n<\/section>\n\n<section id=\"txt-header\">\n\t<div class=\"container block-text-header\">\n\t\t<h3>6. Sin garant\u00edas<\/h3>\n\t\t<h2><\/h2>\n\t\t<p><p><span class=\"TextRun SCXW233883867 BCX0\" lang=\"EN-US\" xml:lang=\"EN-US\" data-contrast=\"auto\"><span class=\"NormalTextRun SCXW233883867 BCX0\">Este sitio web, su contenido y sus servicios se proporcionan \u201ctal cual\u201d, sin garant\u00eda de ning\u00fan tipo, ya sea expresa o impl\u00edcita. <\/span><span class=\"NormalTextRun SCXW233883867 BCX0\">FUJIFILM<\/span><span class=\"NormalTextRun SCXW233883867 BCX0\"> renuncia a todas las garant\u00edas, incluidas, entre otras, las garant\u00edas impl\u00edcitas de comerciabilidad e idoneidad para un fin determinado. <\/span><span class=\"NormalTextRun SCXW233883867 BCX0\">prop\u00f3sito particular, <\/span><span class=\"NormalTextRun SCXW233883867 BCX0\">contenido informativo, integraci\u00f3n del sistema o precisi\u00f3n.<\/span><\/span><span class=\"EOP SCXW233883867 BCX0\" data-ccp-props=\"{&quot;201341983&quot;:0,&quot;335551550&quot;:6,&quot;335551620&quot;:6,&quot;335559739&quot;:120,&quot;335559740&quot;:240}\">\u00a0<\/span><\/p>\n<\/p>\n\t<\/div>\n<\/section>\n\n<section id=\"txt-header\">\n\t<div class=\"container block-text-header\">\n\t\t<h3>7. Contacto <\/h3>\n\t\t<h2><\/h2>\n\t\t<p><p><span class=\"TextRun SCXW190873264 BCX0\" lang=\"EN-US\" xml:lang=\"EN-US\" data-contrast=\"auto\"><span class=\"NormalTextRun SCXW190873264 BCX0\">Encuentre nuestros datos de contacto en el pie de imprenta del sitio web.<\/span><span class=\"NormalTextRun SCXW190873264 BCX0\">.<\/span><\/span><span class=\"EOP SCXW190873264 BCX0\" data-ccp-props=\"{&quot;201341983&quot;:0,&quot;335551550&quot;:6,&quot;335551620&quot;:6,&quot;335559739&quot;:120,&quot;335559740&quot;:240}\">\u00a0<\/span><\/p>\n<\/p>\n\t<\/div>\n<\/section>","protected":false},"excerpt":{"rendered":"","protected":false},"author":1,"featured_media":0,"parent":0,"menu_order":0,"comment_status":"closed","ping_status":"closed","template":"","meta":{"inline_featured_image":false,"footnotes":""},"class_list":["post-20828","page","type-page","status-publish","hentry"],"acf":[],"yoast_head":"<!-- This site is optimized with the Yoast SEO plugin v22.0 - https:\/\/yoast.com\/wordpress\/plugins\/seo\/ -->\n<title>Terms of Use - Fujifilm Print EMEA<\/title>\n<meta name=\"robots\" content=\"index, follow, max-snippet:-1, max-image-preview:large, max-video-preview:-1\" \/>\n<link rel=\"canonical\" href=\"https:\/\/make-more.eu\/es\/terms-of-use\/\" \/>\n<meta property=\"og:locale\" content=\"es_ES\" \/>\n<meta property=\"og:type\" content=\"article\" \/>\n<meta property=\"og:title\" content=\"Terms of Use - Fujifilm Print EMEA\" \/>\n<meta property=\"og:url\" content=\"https:\/\/make-more.eu\/es\/terms-of-use\/\" \/>\n<meta property=\"og:site_name\" content=\"Fujifilm Print EMEA\" \/>\n<meta property=\"article:modified_time\" content=\"2026-02-17T14:25:39+00:00\" \/>\n<meta name=\"twitter:card\" content=\"summary_large_image\" \/>\n<script type=\"application\/ld+json\" class=\"yoast-schema-graph\">{\"@context\":\"https:\/\/schema.org\",\"@graph\":[{\"@type\":\"WebPage\",\"@id\":\"https:\/\/make-more.eu\/terms-of-use\/\",\"url\":\"https:\/\/make-more.eu\/terms-of-use\/\",\"name\":\"Terms of Use - Fujifilm Print EMEA\",\"isPartOf\":{\"@id\":\"https:\/\/make-more.eu\/#website\"},\"datePublished\":\"2026-02-17T14:25:38+00:00\",\"dateModified\":\"2026-02-17T14:25:39+00:00\",\"breadcrumb\":{\"@id\":\"https:\/\/make-more.eu\/terms-of-use\/#breadcrumb\"},\"inLanguage\":\"es\",\"potentialAction\":[{\"@type\":\"ReadAction\",\"target\":[\"https:\/\/make-more.eu\/terms-of-use\/\"]}]},{\"@type\":\"BreadcrumbList\",\"@id\":\"https:\/\/make-more.eu\/terms-of-use\/#breadcrumb\",\"itemListElement\":[{\"@type\":\"ListItem\",\"position\":1,\"name\":\"Home\",\"item\":\"https:\/\/make-more.eu\/\"},{\"@type\":\"ListItem\",\"position\":2,\"name\":\"Terms of Use\"}]},{\"@type\":\"WebSite\",\"@id\":\"https:\/\/make-more.eu\/#website\",\"url\":\"https:\/\/make-more.eu\/\",\"name\":\"Fujifilm Print EMEA\",\"description\":\"\",\"publisher\":{\"@id\":\"https:\/\/make-more.eu\/#organization\"},\"potentialAction\":[{\"@type\":\"SearchAction\",\"target\":{\"@type\":\"EntryPoint\",\"urlTemplate\":\"https:\/\/make-more.eu\/?s={search_term_string}\"},\"query-input\":\"required name=search_term_string\"}],\"inLanguage\":\"es\"},{\"@type\":\"Organization\",\"@id\":\"https:\/\/make-more.eu\/#organization\",\"name\":\"Fujifilm Print EMEA\",\"url\":\"https:\/\/make-more.eu\/\",\"logo\":{\"@type\":\"ImageObject\",\"inLanguage\":\"es\",\"@id\":\"https:\/\/make-more.eu\/#\/schema\/logo\/image\/\",\"url\":\"https:\/\/make-more.eu\/wp-content\/uploads\/2025\/06\/fujifilm-1.png\",\"contentUrl\":\"https:\/\/make-more.eu\/wp-content\/uploads\/2025\/06\/fujifilm-1.png\",\"width\":416,\"height\":70,\"caption\":\"Fujifilm Print EMEA\"},\"image\":{\"@id\":\"https:\/\/make-more.eu\/#\/schema\/logo\/image\/\"}}]}<\/script>\n<!-- \/ Yoast SEO plugin. -->","yoast_head_json":{"title":"Terms of Use - Fujifilm Print EMEA","robots":{"index":"index","follow":"follow","max-snippet":"max-snippet:-1","max-image-preview":"max-image-preview:large","max-video-preview":"max-video-preview:-1"},"canonical":"https:\/\/make-more.eu\/es\/terms-of-use\/","og_locale":"es_ES","og_type":"article","og_title":"Terms of Use - Fujifilm Print EMEA","og_url":"https:\/\/make-more.eu\/es\/terms-of-use\/","og_site_name":"Fujifilm Print EMEA","article_modified_time":"2026-02-17T14:25:39+00:00","twitter_card":"summary_large_image","schema":{"@context":"https:\/\/schema.org","@graph":[{"@type":"WebPage","@id":"https:\/\/make-more.eu\/terms-of-use\/","url":"https:\/\/make-more.eu\/terms-of-use\/","name":"Terms of Use - Fujifilm Print EMEA","isPartOf":{"@id":"https:\/\/make-more.eu\/#website"},"datePublished":"2026-02-17T14:25:38+00:00","dateModified":"2026-02-17T14:25:39+00:00","breadcrumb":{"@id":"https:\/\/make-more.eu\/terms-of-use\/#breadcrumb"},"inLanguage":"es","potentialAction":[{"@type":"ReadAction","target":["https:\/\/make-more.eu\/terms-of-use\/"]}]},{"@type":"BreadcrumbList","@id":"https:\/\/make-more.eu\/terms-of-use\/#breadcrumb","itemListElement":[{"@type":"ListItem","position":1,"name":"Home","item":"https:\/\/make-more.eu\/"},{"@type":"ListItem","position":2,"name":"Terms of Use"}]},{"@type":"WebSite","@id":"https:\/\/make-more.eu\/#website","url":"https:\/\/make-more.eu\/","name":"Fujifilm Print EMEA","description":"","publisher":{"@id":"https:\/\/make-more.eu\/#organization"},"potentialAction":[{"@type":"SearchAction","target":{"@type":"EntryPoint","urlTemplate":"https:\/\/make-more.eu\/?s={search_term_string}"},"query-input":"required name=search_term_string"}],"inLanguage":"es"},{"@type":"Organization","@id":"https:\/\/make-more.eu\/#organization","name":"Fujifilm Print EMEA","url":"https:\/\/make-more.eu\/","logo":{"@type":"ImageObject","inLanguage":"es","@id":"https:\/\/make-more.eu\/#\/schema\/logo\/image\/","url":"https:\/\/make-more.eu\/wp-content\/uploads\/2025\/06\/fujifilm-1.png","contentUrl":"https:\/\/make-more.eu\/wp-content\/uploads\/2025\/06\/fujifilm-1.png","width":416,"height":70,"caption":"Fujifilm Print EMEA"},"image":{"@id":"https:\/\/make-more.eu\/#\/schema\/logo\/image\/"}}]}},"_links":{"self":[{"href":"https:\/\/make-more.eu\/es\/wp-json\/wp\/v2\/pages\/20828","targetHints":{"allow":["GET"]}}],"collection":[{"href":"https:\/\/make-more.eu\/es\/wp-json\/wp\/v2\/pages"}],"about":[{"href":"https:\/\/make-more.eu\/es\/wp-json\/wp\/v2\/types\/page"}],"author":[{"embeddable":true,"href":"https:\/\/make-more.eu\/es\/wp-json\/wp\/v2\/users\/1"}],"replies":[{"embeddable":true,"href":"https:\/\/make-more.eu\/es\/wp-json\/wp\/v2\/comments?post=20828"}],"version-history":[{"count":1,"href":"https:\/\/make-more.eu\/es\/wp-json\/wp\/v2\/pages\/20828\/revisions"}],"predecessor-version":[{"id":20829,"href":"https:\/\/make-more.eu\/es\/wp-json\/wp\/v2\/pages\/20828\/revisions\/20829"}],"wp:attachment":[{"href":"https:\/\/make-more.eu\/es\/wp-json\/wp\/v2\/media?parent=20828"}],"curies":[{"name":"wp","href":"https:\/\/api.w.org\/{rel}","templated":true}]}}