{"id":20828,"date":"2026-02-17T15:25:38","date_gmt":"2026-02-17T14:25:38","guid":{"rendered":"https:\/\/make-more.eu\/?page_id=20828"},"modified":"2026-02-17T15:25:39","modified_gmt":"2026-02-17T14:25:39","slug":"terms-of-use","status":"publish","type":"page","link":"https:\/\/make-more.eu\/cs\/terms-of-use\/","title":{"rendered":"Podm\u00ednky pou\u017eit\u00ed"},"content":{"rendered":"<section id=\"txt-header\">\n\t<div class=\"container block-text-header\">\n\t\t<h3><\/h3>\n\t\t<h2>Podm\u00ednky pou\u017eit\u00ed<\/h2>\n\t\t<p><p><span data-contrast=\"auto\">D\u011bkujeme v\u00e1m za n\u00e1v\u0161t\u011bvu t\u011bchto webov\u00fdch str\u00e1nek. Tyto webov\u00e9 str\u00e1nky, v\u010detn\u011b v\u0161ech str\u00e1nek specifick\u00fdch pro danou zemi v m\u00edstn\u00edch jazyc\u00edch a v\u0161ech ostatn\u00edch str\u00e1nek, jsou majetkem spole\u010dnosti FUJIFILM Europe a jsou spravov\u00e1ny a zp\u0159\u00edstupn\u011bny ve\u0159ejnosti v\u00fdhradn\u011b spole\u010dnost\u00ed FUJIFILM za \u00fa\u010delem nab\u00edzen\u00ed z\u00e1jemc\u016fm o spole\u010dnost FUJIFILM Corporation v Evrop\u011b a produkty a slu\u017eby FUJIFILM pohodln\u00e9ho zp\u016fsobu, jak naj\u00edt relevantn\u00ed informace, jako jsou nejnov\u011bj\u0161\u00ed tiskov\u00e9 zpr\u00e1vy, finan\u010dn\u00ed informace, produktov\u00e1 \u0159ada, m\u00edstn\u00ed kontaktn\u00ed informace a webov\u00e9 str\u00e1nky vlastn\u011bn\u00e9 dce\u0159in\u00fdmi spole\u010dnostmi spole\u010dnosti FUJIFILM nebo jej\u00edmi distributory.<\/span><span data-ccp-props=\"{&quot;201341983&quot;:0,&quot;335551550&quot;:6,&quot;335551620&quot;:6,&quot;335559739&quot;:120,&quot;335559740&quot;:240}\">\u00a0<\/span><\/p>\n<p><span data-contrast=\"auto\">V\u00e1\u0161 p\u0159\u00edstup k t\u011bmto webov\u00fdm str\u00e1nk\u00e1m, jejich prohl\u00ed\u017een\u00ed a pou\u017e\u00edv\u00e1n\u00ed se \u0159\u00edd\u00ed n\u00e1sleduj\u00edc\u00edmi Smluvn\u00edmi podm\u00ednkami a ve\u0161ker\u00fdmi dal\u0161\u00edmi podm\u00ednkami nebo pokyny uveden\u00fdmi jinde na t\u011bchto webov\u00fdch str\u00e1nk\u00e1ch, jako\u017e i v\u0161emi platn\u00fdmi z\u00e1kony, pravidly a p\u0159edpisy, v\u010detn\u011b, ale nikoli v\u00fdhradn\u011b, z\u00e1kon\u016f t\u00fdkaj\u00edc\u00edch se ochrann\u00fdch zn\u00e1mek, autorsk\u00fdch pr\u00e1v, pr\u00e1va na soukrom\u00ed a pomluvy.<\/span><span data-ccp-props=\"{&quot;201341983&quot;:0,&quot;335551550&quot;:6,&quot;335551620&quot;:6,&quot;335559739&quot;:120,&quot;335559740&quot;:240}\">\u00a0<\/span><\/p>\n<p><span data-contrast=\"auto\">Spole\u010dnost FUJIFILM v\u00e1s proto laskav\u011b \u017e\u00e1d\u00e1, abyste si pe\u010dliv\u011b p\u0159e\u010detli Obchodn\u00ed podm\u00ednky.<\/span><span data-ccp-props=\"{&quot;201341983&quot;:0,&quot;335551550&quot;:6,&quot;335551620&quot;:6,&quot;335559739&quot;:120,&quot;335559740&quot;:240}\">\u00a0<\/span><\/p>\n<\/p>\n\t<\/div>\n<\/section>\n\n<section id=\"txt-header\">\n\t<div class=\"container block-text-header\">\n\t\t<h3>1. Pou\u017e\u00edv\u00e1n\u00ed t\u011bchto webov\u00fdch str\u00e1nek <\/h3>\n\t\t<h2><\/h2>\n\t\t<p><p><span data-contrast=\"auto\">Tyto Smluvn\u00ed podm\u00ednky plat\u00ed pro tyto webov\u00e9 str\u00e1nky a pro v\u0161echny ostatn\u00ed webov\u00e9 str\u00e1nky, kter\u00e9 odkazuj\u00ed na Smluvn\u00ed podm\u00ednky. Na t\u011bchto webov\u00fdch str\u00e1nk\u00e1ch m\u016f\u017eete nal\u00e9zt dal\u0161\u00ed smluvn\u00ed podm\u00ednky t\u00fdkaj\u00edc\u00ed se konkr\u00e9tn\u00edch str\u00e1nek. Va\u0161e pou\u017e\u00edv\u00e1n\u00ed t\u011bchto str\u00e1nek v r\u00e1mci t\u011bchto webov\u00fdch str\u00e1nek se \u0159\u00edd\u00ed smluvn\u00edmi podm\u00ednkami t\u011bchto str\u00e1nek. V p\u0159\u00edpad\u011b jak\u00e9hokoli rozporu mezi Smluvn\u00edmi podm\u00ednkami uveden\u00fdmi v tomto dokumentu a dal\u0161\u00edmi smluvn\u00edmi podm\u00ednkami uveden\u00fdmi jinde na t\u011bchto webov\u00fdch str\u00e1nk\u00e1ch maj\u00ed p\u0159ednost dal\u0161\u00ed smluvn\u00ed podm\u00ednky.<\/span><span data-ccp-props=\"{&quot;201341983&quot;:0,&quot;335551550&quot;:6,&quot;335551620&quot;:6,&quot;335559739&quot;:120,&quot;335559740&quot;:240}\">\u00a0<\/span><\/p>\n<p><span data-contrast=\"auto\">V souladu s t\u011bmito Smluvn\u00edmi podm\u00ednkami v\u00e1m spole\u010dnost FUJIFILM t\u00edmto ud\u011bluje v r\u00e1mci pr\u00e1v du\u0161evn\u00edho vlastnictv\u00ed spole\u010dnosti FUJIFILM nev\u00fdhradn\u00ed, celosv\u011btov\u00e9 a nep\u0159evoditeln\u00e9 pr\u00e1vo pou\u017e\u00edvat tyto webov\u00e9 str\u00e1nky a obsah na nich obsa\u017een\u00fd pouze pro osobn\u00ed, nekomer\u010dn\u00ed pou\u017eit\u00ed, v souladu s omezen\u00edmi a povinnostmi stanoven\u00fdmi v t\u011bchto Smluvn\u00edch podm\u00ednk\u00e1ch. Dal\u0161\u00ed pr\u00e1va nejsou ud\u011blov\u00e1na.<\/span><span data-ccp-props=\"{&quot;201341983&quot;:0,&quot;335551550&quot;:6,&quot;335551620&quot;:6,&quot;335559739&quot;:120,&quot;335559740&quot;:240}\">\u00a0<\/span><\/p>\n<\/p>\n\t<\/div>\n<\/section>\n\n<section id=\"txt-header\">\n\t<div class=\"container block-text-header\">\n\t\t<h3>2. Pr\u00e1va du\u0161evn\u00edho vlastnictv\u00ed <\/h3>\n\t\t<h2><\/h2>\n\t\t<p><p><span class=\"TextRun SCXW205518629 BCX0\" lang=\"EN-US\" xml:lang=\"EN-US\" data-contrast=\"auto\"><span class=\"NormalTextRun SCXW205518629 BCX0\">Nen\u00ed-li uvedeno jinak, ve\u0161ker\u00fd text, softwarov\u00e9 programy dostupn\u00e9 na t\u011bchto webov\u00fdch str\u00e1nk\u00e1ch nebo jejich prost\u0159ednictv\u00edm a dal\u0161\u00ed obsah obsa\u017een\u00fd na t\u011bchto webov\u00fdch str\u00e1nk\u00e1ch (\u201eObsah\u201c), v\u010detn\u011b ochrann\u00fdch zn\u00e1mek (registrovan\u00fdch i neregistrovan\u00fdch), grafiky, fotografi\u00ed, obr\u00e1zk\u016f, log a servisn\u00edch zna\u010dek (souhrnn\u011b \u201eZna\u010dky\u201c) a v\u00fdb\u011br, uspo\u0159\u00e1d\u00e1n\u00ed a \u201evzhled a dojem\u201c Zna\u010dek a dal\u0161\u00edho Obsahu jsou majetkem spole\u010dnosti <\/span><span class=\"NormalTextRun SCXW205518629 BCX0\">FUJIFILM<\/span><span class=\"NormalTextRun SCXW205518629 BCX0\"> nebo majetek t\u0159et\u00edch stran, kter\u00e9 ud\u011blily <\/span><span class=\"NormalTextRun SCXW205518629 BCX0\">FUJIFILM<\/span><span class=\"NormalTextRun SCXW205518629 BCX0\"> povolen\u00ed k pou\u017eit\u00ed takov\u00e9ho obsahu na t\u011bchto webov\u00fdch str\u00e1nk\u00e1ch. Ve\u0161ker\u00fd obsah je chr\u00e1n\u011bn mezin\u00e1rodn\u00edmi z\u00e1kony o autorsk\u00fdch pr\u00e1vech a ochrann\u00fdch zn\u00e1mk\u00e1ch.<\/span><\/span><span class=\"EOP SCXW205518629 BCX0\" data-ccp-props=\"{&quot;201341983&quot;:0,&quot;335551550&quot;:6,&quot;335551620&quot;:6,&quot;335559739&quot;:120,&quot;335559740&quot;:240}\">\u00a0<\/span><\/p>\n<\/p>\n\t<\/div>\n<\/section>\n\n<section id=\"txt-header\">\n\t<div class=\"container block-text-header\">\n\t\t<h3>3. Omezen\u00ed pou\u017e\u00edv\u00e1n\u00ed obsahu na t\u011bchto webov\u00fdch str\u00e1nk\u00e1ch <\/h3>\n\t\t<h2><\/h2>\n\t\t<p><p><span class=\"TextRun SCXW249219407 BCX0\" lang=\"EN-US\" xml:lang=\"EN-US\" data-contrast=\"auto\"><span class=\"NormalTextRun SCXW249219407 BCX0\">S v\u00fdjimkou p\u0159\u00edpad\u016f v\u00fdslovn\u011b povolen\u00fdch platn\u00fdmi z\u00e1kony nebo povolen\u00fdch v tomto dokumentu \u010di jinde na t\u011bchto webov\u00fdch str\u00e1nk\u00e1ch, nebo s p\u0159edchoz\u00edm p\u00edsemn\u00fdm souhlasem od <\/span><span class=\"NormalTextRun SCXW249219407 BCX0\">FUJIFILM<\/span><span class=\"NormalTextRun SCXW249219407 BCX0\">nebo jak\u00e9koli t\u0159et\u00ed strany, kter\u00e1 m\u00e1 takovou moc, opr\u00e1vn\u011bn\u00ed, tituly nebo pod\u00edl nezbytn\u00fd k ud\u011blen\u00ed takov\u00e9ho z\u00e1konn\u00e9ho povolen\u00ed, je v\u00e1m zak\u00e1z\u00e1no upravovat, kop\u00edrovat, stahovat, distribuovat, p\u0159en\u00e1\u0161et, zobrazovat, publikovat, prod\u00e1vat, licencovat, vytv\u00e1\u0159et odvozen\u00e1 d\u00edla nebo jinak pou\u017e\u00edvat jak\u00e9koli ochrann\u00e9 zn\u00e1mky nebo jin\u00fd obsah dostupn\u00fd na t\u011bchto webov\u00fdch str\u00e1nk\u00e1ch nebo jejich prost\u0159ednictv\u00edm pro komer\u010dn\u00ed nebo ve\u0159ejn\u00e9 \u00fa\u010dely, v\u010detn\u011b, ale nikoli v\u00fdhradn\u011b, pou\u017eit\u00ed jako meta tag\u016f na jin\u00fdch str\u00e1nk\u00e1ch nebo webov\u00fdch str\u00e1nk\u00e1ch na internetu. Nic v <\/span><span class=\"NormalTextRun SCXW249219407 BCX0\">tyto<\/span><span class=\"NormalTextRun SCXW249219407 BCX0\"> Obchodn\u00ed podm\u00ednky v\u00e1m ud\u011bluj\u00ed jak\u00e1koli pr\u00e1va k ochrann\u00fdm zn\u00e1mk\u00e1m nebo jin\u00e9mu obsahu, kter\u00e1 zde nejsou v\u00fdslovn\u011b uvedena.<\/span><\/span><span class=\"EOP SCXW249219407 BCX0\" data-ccp-props=\"{&quot;201341983&quot;:0,&quot;335551550&quot;:6,&quot;335551620&quot;:6,&quot;335559739&quot;:120,&quot;335559740&quot;:240}\">\u00a0<\/span><\/p>\n<\/p>\n\t<\/div>\n<\/section>\n\n<section id=\"txt-header\">\n\t<div class=\"container block-text-header\">\n\t\t<h3>4. Obsah t\u0159et\u00edch stran<\/h3>\n\t\t<h2><\/h2>\n\t\t<p><p><span class=\"TextRun SCXW29437703 BCX0\" lang=\"EN-US\" xml:lang=\"EN-US\" data-contrast=\"auto\"><span class=\"NormalTextRun SCXW29437703 BCX0\">Tyto webov\u00e9 str\u00e1nky mohou obsahovat odkazy na webov\u00e9 str\u00e1nky a obsah t\u0159et\u00edch stran (\u201eobsah t\u0159et\u00edch stran\u201c) jako slu\u017ebu pro v\u00e1s. Ve\u0161ker\u00fd obsah t\u0159et\u00edch stran nebo webov\u00e9 str\u00e1nky t\u0159et\u00edch stran p\u0159\u00edstupn\u00e9 prost\u0159ednictv\u00edm odkaz\u016f obsa\u017een\u00fdch na webov\u00fdch str\u00e1nk\u00e1ch p\u0159edstavuj\u00ed extern\u00ed informace. <\/span><span class=\"NormalTextRun SCXW29437703 BCX0\">FUJIFILM<\/span><span class=\"NormalTextRun SCXW29437703 BCX0\"> nemonitoruje, nekontroluje ani neaktualizuje a nem\u00e1 nad \u017e\u00e1dn\u00fdm obsahem t\u0159et\u00edch stran ani webov\u00fdmi str\u00e1nkami t\u0159et\u00edch stran \u017e\u00e1dnou kontrolu. Pokud nen\u00ed v\u00fdslovn\u011b uvedeno jinak, <\/span><span class=\"NormalTextRun SCXW29437703 BCX0\">FUJIFILM<\/span><span class=\"NormalTextRun SCXW29437703 BCX0\"> neschvaluje ani nep\u0159ij\u00edm\u00e1 \u017e\u00e1dn\u00fd obsah t\u0159et\u00edch stran a <\/span><span class=\"NormalTextRun SCXW29437703 BCX0\">FUJIFILM<\/span><span class=\"NormalTextRun SCXW29437703 BCX0\"> neposkytuje \u017e\u00e1dn\u00e9 prohl\u00e1\u0161en\u00ed, z\u00e1ruku ani garanci ohledn\u011b p\u0159esnosti, \u00faplnosti, aktu\u00e1lnosti nebo spolehlivosti obsahu t\u0159et\u00edch stran. Pokud pou\u017e\u00edv\u00e1te tyto odkazy a obsah t\u0159et\u00edch stran, \u010din\u00edte tak v\u00fdhradn\u011b na vlastn\u00ed nebezpe\u010d\u00ed. Krom\u011b toho odkaz na jak\u00e9koli produkty, slu\u017eby, procesy nebo jin\u00e9 informace obchodn\u00edm n\u00e1zvem, ochrannou zn\u00e1mkou, v\u00fdrobcem, dodavatelem nebo jinak nep\u0159edstavuje ani neznamen\u00e1 jak\u00e9koli schv\u00e1len\u00ed, sponzorstv\u00ed nebo doporu\u010den\u00ed ze strany <\/span><span class=\"NormalTextRun SCXW29437703 BCX0\">FUJIFILM<\/span><span class=\"NormalTextRun SCXW29437703 BCX0\">.<\/span><\/span><span class=\"EOP SCXW29437703 BCX0\" data-ccp-props=\"{&quot;201341983&quot;:0,&quot;335551550&quot;:6,&quot;335551620&quot;:6,&quot;335559739&quot;:120,&quot;335559740&quot;:240}\">\u00a0<\/span><\/p>\n<\/p>\n\t<\/div>\n<\/section>\n\n<section id=\"txt-header\">\n\t<div class=\"container block-text-header\">\n\t\t<h3>5. Aktualizace a revize<\/h3>\n\t\t<h2><\/h2>\n\t\t<p><p><span class=\"TextRun SCXW41304652 BCX0\" lang=\"EN-US\" xml:lang=\"EN-US\" data-contrast=\"auto\"><span class=\"NormalTextRun SCXW41304652 BCX0\">Obsah na t\u011bchto webov\u00fdch str\u00e1nk\u00e1ch poskytuje <\/span><span class=\"NormalTextRun SCXW41304652 BCX0\">FUJIFILM<\/span><span class=\"NormalTextRun SCXW41304652 BCX0\"> pro va\u0161e pohodl\u00ed a m\u016f\u017ee se zm\u011bnit bez p\u0159edchoz\u00edho upozorn\u011bn\u00ed. <\/span><span class=\"NormalTextRun SCXW41304652 BCX0\">FUJIFILM<\/span><span class=\"NormalTextRun SCXW41304652 BCX0\"> m\u016f\u017ee kdykoli a \u010das od \u010dasu revidovat a aktualizovat Podm\u00ednky<\/span><span class=\"NormalTextRun SCXW41304652 BCX0\"> &amp; Podm\u00ednky a Obsah. <\/span><span class=\"NormalTextRun SCXW41304652 BCX0\">Doporu\u010dujeme v\u00e1m pravideln\u011b nav\u0161t\u011bvovat tuto str\u00e1nku, abyste si pro\u0161li a sezn\u00e1mili se se v\u0161emi aktu\u00e1ln\u00edmi podm\u00ednkami, a obecn\u011b si prohl\u00ed\u017eeli tyto webov\u00e9 str\u00e1nky, abyste se sezn\u00e1mili s p\u0159\u00edpadn\u00fdmi aktualizacemi a revizemi.<\/span><\/span><span class=\"EOP SCXW41304652 BCX0\" data-ccp-props=\"{&quot;201341983&quot;:0,&quot;335551550&quot;:6,&quot;335551620&quot;:6,&quot;335559739&quot;:120,&quot;335559740&quot;:240}\">\u00a0<\/span><\/p>\n<\/p>\n\t<\/div>\n<\/section>\n\n<section id=\"txt-header\">\n\t<div class=\"container block-text-header\">\n\t\t<h3>6. \u017d\u00e1dn\u00e9 z\u00e1ruky<\/h3>\n\t\t<h2><\/h2>\n\t\t<p><p><span class=\"TextRun SCXW233883867 BCX0\" lang=\"EN-US\" xml:lang=\"EN-US\" data-contrast=\"auto\"><span class=\"NormalTextRun SCXW233883867 BCX0\">Tyto webov\u00e9 str\u00e1nky, jejich obsah a slu\u017eby jsou poskytov\u00e1ny \u201etak, jak jsou\u201c, bez jak\u00e9koli z\u00e1ruky, a\u0165 u\u017e v\u00fdslovn\u00e9 nebo implicitn\u00ed. <\/span><span class=\"NormalTextRun SCXW233883867 BCX0\">FUJIFILM<\/span><span class=\"NormalTextRun SCXW233883867 BCX0\"> se z\u0159\u00edk\u00e1 ve\u0161ker\u00fdch z\u00e1ruk, v\u010detn\u011b, ale nikoli v\u00fdhradn\u011b, implicitn\u00edch z\u00e1ruk prodejnosti a vhodnosti pro <\/span><span class=\"NormalTextRun SCXW233883867 BCX0\">konkr\u00e9tn\u00ed \u00fa\u010del, <\/span><span class=\"NormalTextRun SCXW233883867 BCX0\">informa\u010dn\u00ed obsah, syst\u00e9mov\u00e1 integrace nebo p\u0159esnost.<\/span><\/span><span class=\"EOP SCXW233883867 BCX0\" data-ccp-props=\"{&quot;201341983&quot;:0,&quot;335551550&quot;:6,&quot;335551620&quot;:6,&quot;335559739&quot;:120,&quot;335559740&quot;:240}\">\u00a0<\/span><\/p>\n<\/p>\n\t<\/div>\n<\/section>\n\n<section id=\"txt-header\">\n\t<div class=\"container block-text-header\">\n\t\t<h3>7. Kontakt <\/h3>\n\t\t<h2><\/h2>\n\t\t<p><p><span class=\"TextRun SCXW190873264 BCX0\" lang=\"EN-US\" xml:lang=\"EN-US\" data-contrast=\"auto\"><span class=\"NormalTextRun SCXW190873264 BCX0\">Na\u0161e kontaktn\u00ed \u00fadaje naleznete v tir\u00e1\u017ei webov\u00fdch str\u00e1nek.<\/span><span class=\"NormalTextRun SCXW190873264 BCX0\">.<\/span><\/span><span class=\"EOP SCXW190873264 BCX0\" data-ccp-props=\"{&quot;201341983&quot;:0,&quot;335551550&quot;:6,&quot;335551620&quot;:6,&quot;335559739&quot;:120,&quot;335559740&quot;:240}\">\u00a0<\/span><\/p>\n<\/p>\n\t<\/div>\n<\/section>","protected":false},"excerpt":{"rendered":"","protected":false},"author":1,"featured_media":0,"parent":0,"menu_order":0,"comment_status":"closed","ping_status":"closed","template":"","meta":{"inline_featured_image":false,"footnotes":""},"class_list":["post-20828","page","type-page","status-publish","hentry"],"acf":[],"yoast_head":"<!-- This site is optimized with the Yoast SEO plugin v22.0 - https:\/\/yoast.com\/wordpress\/plugins\/seo\/ -->\n<title>Terms of Use - Fujifilm Print EMEA<\/title>\n<meta name=\"robots\" content=\"index, follow, max-snippet:-1, max-image-preview:large, max-video-preview:-1\" \/>\n<link rel=\"canonical\" href=\"https:\/\/make-more.eu\/cs\/terms-of-use\/\" \/>\n<meta property=\"og:locale\" content=\"cs_CZ\" \/>\n<meta property=\"og:type\" content=\"article\" \/>\n<meta property=\"og:title\" content=\"Terms of Use - Fujifilm Print EMEA\" \/>\n<meta property=\"og:url\" content=\"https:\/\/make-more.eu\/cs\/terms-of-use\/\" \/>\n<meta property=\"og:site_name\" content=\"Fujifilm Print EMEA\" \/>\n<meta property=\"article:modified_time\" content=\"2026-02-17T14:25:39+00:00\" \/>\n<meta name=\"twitter:card\" content=\"summary_large_image\" \/>\n<script type=\"application\/ld+json\" class=\"yoast-schema-graph\">{\"@context\":\"https:\/\/schema.org\",\"@graph\":[{\"@type\":\"WebPage\",\"@id\":\"https:\/\/make-more.eu\/terms-of-use\/\",\"url\":\"https:\/\/make-more.eu\/terms-of-use\/\",\"name\":\"Terms of Use - Fujifilm Print EMEA\",\"isPartOf\":{\"@id\":\"https:\/\/make-more.eu\/#website\"},\"datePublished\":\"2026-02-17T14:25:38+00:00\",\"dateModified\":\"2026-02-17T14:25:39+00:00\",\"breadcrumb\":{\"@id\":\"https:\/\/make-more.eu\/terms-of-use\/#breadcrumb\"},\"inLanguage\":\"cs\",\"potentialAction\":[{\"@type\":\"ReadAction\",\"target\":[\"https:\/\/make-more.eu\/terms-of-use\/\"]}]},{\"@type\":\"BreadcrumbList\",\"@id\":\"https:\/\/make-more.eu\/terms-of-use\/#breadcrumb\",\"itemListElement\":[{\"@type\":\"ListItem\",\"position\":1,\"name\":\"Home\",\"item\":\"https:\/\/make-more.eu\/\"},{\"@type\":\"ListItem\",\"position\":2,\"name\":\"Terms of Use\"}]},{\"@type\":\"WebSite\",\"@id\":\"https:\/\/make-more.eu\/#website\",\"url\":\"https:\/\/make-more.eu\/\",\"name\":\"Fujifilm Print EMEA\",\"description\":\"\",\"publisher\":{\"@id\":\"https:\/\/make-more.eu\/#organization\"},\"potentialAction\":[{\"@type\":\"SearchAction\",\"target\":{\"@type\":\"EntryPoint\",\"urlTemplate\":\"https:\/\/make-more.eu\/?s={search_term_string}\"},\"query-input\":\"required name=search_term_string\"}],\"inLanguage\":\"cs\"},{\"@type\":\"Organization\",\"@id\":\"https:\/\/make-more.eu\/#organization\",\"name\":\"Fujifilm Print EMEA\",\"url\":\"https:\/\/make-more.eu\/\",\"logo\":{\"@type\":\"ImageObject\",\"inLanguage\":\"cs\",\"@id\":\"https:\/\/make-more.eu\/#\/schema\/logo\/image\/\",\"url\":\"https:\/\/make-more.eu\/wp-content\/uploads\/2025\/06\/fujifilm-1.png\",\"contentUrl\":\"https:\/\/make-more.eu\/wp-content\/uploads\/2025\/06\/fujifilm-1.png\",\"width\":416,\"height\":70,\"caption\":\"Fujifilm Print EMEA\"},\"image\":{\"@id\":\"https:\/\/make-more.eu\/#\/schema\/logo\/image\/\"}}]}<\/script>\n<!-- \/ Yoast SEO plugin. -->","yoast_head_json":{"title":"Terms of Use - Fujifilm Print EMEA","robots":{"index":"index","follow":"follow","max-snippet":"max-snippet:-1","max-image-preview":"max-image-preview:large","max-video-preview":"max-video-preview:-1"},"canonical":"https:\/\/make-more.eu\/cs\/terms-of-use\/","og_locale":"cs_CZ","og_type":"article","og_title":"Terms of Use - Fujifilm Print EMEA","og_url":"https:\/\/make-more.eu\/cs\/terms-of-use\/","og_site_name":"Fujifilm Print EMEA","article_modified_time":"2026-02-17T14:25:39+00:00","twitter_card":"summary_large_image","schema":{"@context":"https:\/\/schema.org","@graph":[{"@type":"WebPage","@id":"https:\/\/make-more.eu\/terms-of-use\/","url":"https:\/\/make-more.eu\/terms-of-use\/","name":"Terms of Use - Fujifilm Print EMEA","isPartOf":{"@id":"https:\/\/make-more.eu\/#website"},"datePublished":"2026-02-17T14:25:38+00:00","dateModified":"2026-02-17T14:25:39+00:00","breadcrumb":{"@id":"https:\/\/make-more.eu\/terms-of-use\/#breadcrumb"},"inLanguage":"cs","potentialAction":[{"@type":"ReadAction","target":["https:\/\/make-more.eu\/terms-of-use\/"]}]},{"@type":"BreadcrumbList","@id":"https:\/\/make-more.eu\/terms-of-use\/#breadcrumb","itemListElement":[{"@type":"ListItem","position":1,"name":"Home","item":"https:\/\/make-more.eu\/"},{"@type":"ListItem","position":2,"name":"Terms of Use"}]},{"@type":"WebSite","@id":"https:\/\/make-more.eu\/#website","url":"https:\/\/make-more.eu\/","name":"Fujifilm Print EMEA","description":"","publisher":{"@id":"https:\/\/make-more.eu\/#organization"},"potentialAction":[{"@type":"SearchAction","target":{"@type":"EntryPoint","urlTemplate":"https:\/\/make-more.eu\/?s={search_term_string}"},"query-input":"required name=search_term_string"}],"inLanguage":"cs"},{"@type":"Organization","@id":"https:\/\/make-more.eu\/#organization","name":"Fujifilm Print EMEA","url":"https:\/\/make-more.eu\/","logo":{"@type":"ImageObject","inLanguage":"cs","@id":"https:\/\/make-more.eu\/#\/schema\/logo\/image\/","url":"https:\/\/make-more.eu\/wp-content\/uploads\/2025\/06\/fujifilm-1.png","contentUrl":"https:\/\/make-more.eu\/wp-content\/uploads\/2025\/06\/fujifilm-1.png","width":416,"height":70,"caption":"Fujifilm Print EMEA"},"image":{"@id":"https:\/\/make-more.eu\/#\/schema\/logo\/image\/"}}]}},"_links":{"self":[{"href":"https:\/\/make-more.eu\/cs\/wp-json\/wp\/v2\/pages\/20828","targetHints":{"allow":["GET"]}}],"collection":[{"href":"https:\/\/make-more.eu\/cs\/wp-json\/wp\/v2\/pages"}],"about":[{"href":"https:\/\/make-more.eu\/cs\/wp-json\/wp\/v2\/types\/page"}],"author":[{"embeddable":true,"href":"https:\/\/make-more.eu\/cs\/wp-json\/wp\/v2\/users\/1"}],"replies":[{"embeddable":true,"href":"https:\/\/make-more.eu\/cs\/wp-json\/wp\/v2\/comments?post=20828"}],"version-history":[{"count":1,"href":"https:\/\/make-more.eu\/cs\/wp-json\/wp\/v2\/pages\/20828\/revisions"}],"predecessor-version":[{"id":20829,"href":"https:\/\/make-more.eu\/cs\/wp-json\/wp\/v2\/pages\/20828\/revisions\/20829"}],"wp:attachment":[{"href":"https:\/\/make-more.eu\/cs\/wp-json\/wp\/v2\/media?parent=20828"}],"curies":[{"name":"wp","href":"https:\/\/api.w.org\/{rel}","templated":true}]}}